{"id":5166,"date":"2024-03-28T21:09:10","date_gmt":"2024-03-28T19:09:10","guid":{"rendered":"https:\/\/konsulttiverkko.fi\/?page_id=5166"},"modified":"2026-03-02T11:00:55","modified_gmt":"2026-03-02T09:00:55","slug":"contact-us","status":"publish","type":"page","link":"https:\/\/konsulttiverkko.fi\/en\/contact-us\/","title":{"rendered":"Contact us"},"content":{"rendered":"<p>[et_pb_section fb_built=&#8221;1&#8243; _builder_version=&#8221;4.16&#8243; background_color=&#8221;rgba(0,0,0,0.69)&#8221; background_image=&#8221;https:\/\/konsulttiverkko.fi\/wp-content\/uploads\/2021\/03\/Konsulttiverkko_yhteystiedot6_1280px.jpg&#8221; background_position=&#8221;top_left&#8221; background_blend=&#8221;overlay&#8221; custom_padding=&#8221;30px||30px||true|false&#8221; global_colors_info=&#8221;{}&#8221;][et_pb_row use_custom_gutter=&#8221;on&#8221; gutter_width=&#8221;2&#8243; make_equal=&#8221;on&#8221; _builder_version=&#8221;4.16&#8243; max_width=&#8221;1170px&#8221; global_colors_info=&#8221;{}&#8221;][et_pb_column type=&#8221;4_4&#8243; _builder_version=&#8221;4.16&#8243; global_colors_info=&#8221;{}&#8221;][et_pb_text module_class=&#8221;dct_m_header&#8221; _builder_version=&#8221;4.24.2&#8243; text_font=&#8221;Poppins||||||||&#8221; header_font=&#8221;Poppins||||||||&#8221; header_2_font=&#8221;|600||on|||||&#8221; header_2_text_color=&#8221;#FFFFFF&#8221; header_2_font_size=&#8221;40px&#8221; header_2_letter_spacing=&#8221;1px&#8221; header_2_line_height=&#8221;2em&#8221; header_2_font_size_tablet=&#8221;&#8221; header_2_font_size_phone=&#8221;25px&#8221; header_2_font_size_last_edited=&#8221;on|desktop&#8221; global_colors_info=&#8221;{}&#8221;]<\/p>\n<h2 style=\"text-align: center;\">Contact us<\/h2>\n<p>[\/et_pb_text][\/et_pb_column][\/et_pb_row][\/et_pb_section][et_pb_section fb_built=&#8221;1&#8243; module_id=&#8221;dct_contact_v3&#8243; _builder_version=&#8221;4.16&#8243; custom_margin=&#8221;auto||auto||true|false&#8221; custom_padding=&#8221;||||true|false&#8221; global_colors_info=&#8221;{}&#8221;][et_pb_row column_structure=&#8221;3_5,2_5&#8243; _builder_version=&#8221;4.16&#8243; custom_padding=&#8221;0px||||false|false&#8221; global_colors_info=&#8221;{}&#8221;][et_pb_column type=&#8221;3_5&#8243; _builder_version=&#8221;4.16&#8243; global_colors_info=&#8221;{}&#8221;][et_pb_text _builder_version=&#8221;4.24.2&#8243; text_font=&#8221;|||on|||||&#8221; header_2_font=&#8221;||||||||&#8221; header_2_font_size=&#8221;25px&#8221; custom_margin=&#8221;||0.75%||false|false&#8221; header_2_font_size_tablet=&#8221;&#8221; header_2_font_size_phone=&#8221;20px&#8221; header_2_font_size_last_edited=&#8221;on|phone&#8221; global_colors_info=&#8221;{}&#8221;]<\/p>\n<h2>JJS Konsulttiverkko Oy<\/h2>\n<p>[\/et_pb_text][et_pb_divider module_class=&#8221;dct_divider_v1 full&#8221; _builder_version=&#8221;4.16&#8243; global_colors_info=&#8221;{}&#8221;][\/et_pb_divider][et_pb_text _builder_version=&#8221;4.27.6&#8243; _module_preset=&#8221;default&#8221; hover_enabled=&#8221;0&#8243; global_colors_info=&#8221;{}&#8221; sticky_enabled=&#8221;0&#8243;]<\/p>\n<p>Bulevardi 21<br \/>(Entrance: Albertinkatu 25)<br \/>00180 Helsinki<\/p>\n<p>Business ID: 2869647-6<br \/>contact@konsulttiverkko.fi<\/p>\n<p>[\/et_pb_text][\/et_pb_column][et_pb_column type=&#8221;2_5&#8243; _builder_version=&#8221;4.16&#8243; global_colors_info=&#8221;{}&#8221;][et_pb_text _builder_version=&#8221;4.24.2&#8243; text_font=&#8221;|||on|||||&#8221; header_2_font=&#8221;||||||||&#8221; header_2_font_size=&#8221;25px&#8221; custom_margin=&#8221;||0.75%||false|false&#8221; header_2_font_size_tablet=&#8221;&#8221; header_2_font_size_phone=&#8221;20px&#8221; header_2_font_size_last_edited=&#8221;on|phone&#8221; global_colors_info=&#8221;{}&#8221;]<\/p>\n<h2>Billing information<\/h2>\n<p>[\/et_pb_text][et_pb_divider module_class=&#8221;dct_divider_v1 full&#8221; _builder_version=&#8221;4.16&#8243; global_colors_info=&#8221;{}&#8221;][\/et_pb_divider][et_pb_text _builder_version=&#8221;4.24.2&#8243; text_font=&#8221;||||||||&#8221; text_orientation=&#8221;justified&#8221; custom_css_main_element=&#8221;font-weight: normal;||||font-style: normal;||||font-size: 1em;||||line-height: 2;||||color:||#6f6f6f;&#8221; global_colors_info=&#8221;{}&#8221;]<\/p>\n<p style=\"text-align: left;\">Online invoice: 003728696476<br \/>Operator: Maventa (003721291126)<\/p>\n<p style=\"text-align: left;\">[\/et_pb_text][\/et_pb_column][\/et_pb_row][\/et_pb_section]<\/p>\n","protected":false},"excerpt":{"rendered":"<p>Contact usJJS Konsulttiverkko OyBulevardi 21(Entrance: Albertinkatu 25)00180 Helsinki Business ID: 2869647-6contact@konsulttiverkko.fiBilling informationOnline invoice: 003728696476Operator: Maventa (003721291126)<\/p>\n","protected":false},"author":4,"featured_media":0,"parent":0,"menu_order":0,"comment_status":"closed","ping_status":"closed","template":"","meta":{"_acf_changed":false,"_et_pb_use_builder":"on","_et_pb_old_content":"<p>[et_pb_section fb_built=\"1\" _builder_version=\"4.16\" background_color=\"rgba(0,0,0,0.69)\" background_image=\"https:\/\/konsulttiverkko.fi\/wp-content\/uploads\/2021\/03\/Konsulttiverkko_yhteystiedot6_1280px.jpg\" background_position=\"top_left\" background_blend=\"overlay\" custom_padding=\"30px||30px||true|false\" global_colors_info=\"{}\"][et_pb_row use_custom_gutter=\"on\" gutter_width=\"2\" make_equal=\"on\" _builder_version=\"4.16\" max_width=\"1170px\" global_colors_info=\"{}\"][et_pb_column type=\"4_4\" _builder_version=\"4.16\" global_colors_info=\"{}\"][et_pb_text module_class=\"dct_m_header\" _builder_version=\"4.16\" text_font=\"Poppins||||||||\" header_font=\"Poppins||||||||\" header_2_font=\"|600||on|||||\" header_2_text_color=\"#FFFFFF\" header_2_font_size=\"40px\" header_2_letter_spacing=\"1px\" header_2_line_height=\"2em\" header_2_font_size_tablet=\"\" header_2_font_size_phone=\"25px\" header_2_font_size_last_edited=\"on|desktop\" global_colors_info=\"{}\"]<\/p><h2>Yhteystiedot<\/h2><p>[\/et_pb_text][\/et_pb_column][\/et_pb_row][\/et_pb_section][et_pb_section fb_built=\"1\" module_id=\"dct_contact_v3\" _builder_version=\"4.16\" custom_margin=\"auto||auto||true|false\" custom_padding=\"||||true|false\" global_colors_info=\"{}\"][et_pb_row column_structure=\"3_5,2_5\" _builder_version=\"4.16\" custom_padding=\"0px||||false|false\" global_colors_info=\"{}\"][et_pb_column type=\"3_5\" _builder_version=\"4.16\" global_colors_info=\"{}\"][et_pb_text _builder_version=\"4.16\" text_font=\"|||on|||||\" header_2_font=\"||||||||\" header_2_font_size=\"25px\" custom_margin=\"||0.75%||false|false\" header_2_font_size_tablet=\"\" header_2_font_size_phone=\"20px\" header_2_font_size_last_edited=\"on|phone\" global_colors_info=\"{}\"]<\/p><h2>JJS Konsulttiverkko Oy<\/h2><p>[\/et_pb_text][et_pb_divider module_class=\"dct_divider_v1 full\" _builder_version=\"4.16\" global_colors_info=\"{}\"][\/et_pb_divider][et_pb_text _builder_version=\"4.16\" _module_preset=\"default\" global_colors_info=\"{}\"]<\/p><p>Pohjoisesplanadi 39<br \/>00100 Helsinki<\/p><p>Y-tunnus: 2869647-6<\/p><p>[\/et_pb_text][\/et_pb_column][et_pb_column type=\"2_5\" _builder_version=\"4.16\" global_colors_info=\"{}\"][et_pb_text _builder_version=\"4.16\" text_font=\"|||on|||||\" header_2_font=\"||||||||\" header_2_font_size=\"25px\" custom_margin=\"||0.75%||false|false\" header_2_font_size_tablet=\"\" header_2_font_size_phone=\"20px\" header_2_font_size_last_edited=\"on|phone\" global_colors_info=\"{}\"]<\/p><h2>Laskutustiedot<\/h2><p>[\/et_pb_text][et_pb_text _builder_version=\"4.24.2\" text_font=\"||||||||\" text_orientation=\"justified\" custom_css_main_element=\"font-weight: normal;||||font-style: normal;||||font-size: 1em;||||line-height: 2;||||color:||#6f6f6f;\" global_colors_info=\"{}\"]<\/p><p style=\"text-align: left;\">Verkkolaskuosoite: 003728696476<br \/>Operaattori: Maventa 003721291126<br \/>V\u00e4litt\u00e4j\u00e4tunnus pankkiverkosta: DABAFIHH<\/p><p style=\"text-align: left;\">Skannauspalvelun s\u00e4hk\u00f6postiosoite: <a href=\"mailto:28696476@scan.netvisor.fi\">28696476@scan.netvisor.fi<\/a><\/p><p style=\"text-align: left;\">[\/et_pb_text][\/et_pb_column][\/et_pb_row][\/et_pb_section][et_pb_section fb_built=\"1\" module_id=\"liity\" module_class=\"liity\" _builder_version=\"4.24.2\" _module_preset=\"default\" background_image=\"https:\/\/konsulttiverkko.fi\/wp-content\/uploads\/2024\/03\/metsa.jpg\" parallax=\"on\" hover_enabled=\"0\" global_colors_info=\"{}\" link_option_url=\"yhteydenotto\" sticky_enabled=\"0\"][et_pb_row module_id=\"contactform-join\" _builder_version=\"4.16\" _module_preset=\"default\" background_color=\"rgba(0,0,0,0.6)\" global_colors_info=\"{}\"][et_pb_column type=\"4_4\" _builder_version=\"4.16\" _module_preset=\"default\" global_colors_info=\"{}\"][et_pb_text admin_label=\"Teksti\" module_id=\"contactform-join\" _builder_version=\"4.24.2\" _module_preset=\"default\" background_color=\"RGBA(0,0,0,0)\" background_layout=\"dark\" global_colors_info=\"{}\"]<\/p><h2>Kiinnostuitko toiminnastamme?<\/h2><p>L\u00e4het\u00e4 meille viesti niin olemme yhteydess\u00e4!<\/p><p>[contact-form-7 id=\"c1c1efd\" title=\"Yhteydenottopyynt\u00f6\"]<\/p><p>[\/et_pb_text][\/et_pb_column][\/et_pb_row][\/et_pb_section]<\/p>","_et_gb_content_width":"","inline_featured_image":false,"footnotes":""},"class_list":["post-5166","page","type-page","status-publish","hentry"],"acf":[],"_links":{"self":[{"href":"https:\/\/konsulttiverkko.fi\/en\/wp-json\/wp\/v2\/pages\/5166","targetHints":{"allow":["GET"]}}],"collection":[{"href":"https:\/\/konsulttiverkko.fi\/en\/wp-json\/wp\/v2\/pages"}],"about":[{"href":"https:\/\/konsulttiverkko.fi\/en\/wp-json\/wp\/v2\/types\/page"}],"author":[{"embeddable":true,"href":"https:\/\/konsulttiverkko.fi\/en\/wp-json\/wp\/v2\/users\/4"}],"replies":[{"embeddable":true,"href":"https:\/\/konsulttiverkko.fi\/en\/wp-json\/wp\/v2\/comments?post=5166"}],"version-history":[{"count":35,"href":"https:\/\/konsulttiverkko.fi\/en\/wp-json\/wp\/v2\/pages\/5166\/revisions"}],"predecessor-version":[{"id":8912,"href":"https:\/\/konsulttiverkko.fi\/en\/wp-json\/wp\/v2\/pages\/5166\/revisions\/8912"}],"wp:attachment":[{"href":"https:\/\/konsulttiverkko.fi\/en\/wp-json\/wp\/v2\/media?parent=5166"}],"curies":[{"name":"wp","href":"https:\/\/api.w.org\/{rel}","templated":true}]}}