{"id":5205,"date":"2024-03-28T21:57:43","date_gmt":"2024-03-28T19:57:43","guid":{"rendered":"https:\/\/konsulttiverkko.fi\/?page_id=5205"},"modified":"2026-03-03T15:29:30","modified_gmt":"2026-03-03T13:29:30","slug":"our-story","status":"publish","type":"page","link":"https:\/\/konsulttiverkko.fi\/en\/our-story\/","title":{"rendered":"Our story"},"content":{"rendered":"<p>[et_pb_section fb_built=&#8221;1&#8243; _builder_version=&#8221;4.16&#8243; background_color=&#8221;rgba(0,0,0,0.69)&#8221; background_image=&#8221;https:\/\/konsulttiverkko.fi\/wp-content\/uploads\/2021\/02\/Konsulttiverkko_Palvelumme_mobiili_1280x570px-1.jpg&#8221; background_position=&#8221;top_left&#8221; background_blend=&#8221;overlay&#8221; custom_padding=&#8221;30px||30px||true|false&#8221; background_last_edited=&#8221;on|desktop&#8221; background_image_tablet=&#8221;https:\/\/konsulttiverkko.fi\/wp-content\/uploads\/2021\/02\/Konsulttiverkko_Palvelumme_mobiili_1280x570px-1.jpg&#8221; background_image_phone=&#8221;https:\/\/konsulttiverkko.fi\/wp-content\/uploads\/2021\/02\/Konsulttiverkko_Palvelumme_mobiili_1280x570px-1.jpg&#8221; background_enable_image_tablet=&#8221;on&#8221; background_enable_image_phone=&#8221;on&#8221; parallax_tablet=&#8221;off&#8221; parallax_phone=&#8221;off&#8221; background_position_tablet=&#8221;top_right&#8221; collapsed=&#8221;off&#8221; global_colors_info=&#8221;{}&#8221;][et_pb_row use_custom_gutter=&#8221;on&#8221; gutter_width=&#8221;2&#8243; make_equal=&#8221;on&#8221; _builder_version=&#8221;4.16&#8243; global_colors_info=&#8221;{}&#8221;][et_pb_column type=&#8221;4_4&#8243; _builder_version=&#8221;4.16&#8243; global_colors_info=&#8221;{}&#8221;][et_pb_text module_class=&#8221;dct_m_header&#8221; _builder_version=&#8221;4.24.2&#8243; text_font=&#8221;Poppins||||||||&#8221; header_font=&#8221;Poppins||||||||&#8221; header_letter_spacing=&#8221;1px&#8221; header_line_height=&#8221;1.1em&#8221; header_2_font=&#8221;|600||on|||||&#8221; header_2_text_color=&#8221;#FFFFFF&#8221; header_2_font_size=&#8221;40px&#8221; header_2_letter_spacing=&#8221;1px&#8221; header_2_line_height=&#8221;2em&#8221; hover_enabled=&#8221;0&#8243; header_2_font_size_tablet=&#8221;40px&#8221; header_2_font_size_phone=&#8221;25px&#8221; header_2_font_size_last_edited=&#8221;on|phone&#8221; global_colors_info=&#8221;{}&#8221; sticky_enabled=&#8221;0&#8243;]<\/p>\n<h2>Management Consulting<\/h2>\n<p>[\/et_pb_text][\/et_pb_column][\/et_pb_row][\/et_pb_section][et_pb_section fb_built=&#8221;1&#8243; _builder_version=&#8221;4.24.2&#8243; _module_preset=&#8221;default&#8221; global_colors_info=&#8221;{}&#8221;][et_pb_row column_structure=&#8221;2_5,3_5&#8243; _builder_version=&#8221;4.24.2&#8243; _module_preset=&#8221;default&#8221; global_colors_info=&#8221;{}&#8221;][et_pb_column type=&#8221;2_5&#8243; _builder_version=&#8221;4.24.2&#8243; _module_preset=&#8221;default&#8221; global_colors_info=&#8221;{}&#8221;][et_pb_image src=&#8221;https:\/\/konsulttiverkko.fi\/wp-content\/uploads\/2021\/02\/Konsulttiverkko_Liikkeenjohdonkonsultointi_696x768px_v2.png&#8221; title_text=&#8221;Konsulttiverkko_Liikkeenjohdonkonsultointi_696x768px_v2&#8243; _builder_version=&#8221;4.24.2&#8243; _module_preset=&#8221;default&#8221; hover_enabled=&#8221;0&#8243; global_colors_info=&#8221;{}&#8221; sticky_enabled=&#8221;0&#8243;][\/et_pb_image][\/et_pb_column][et_pb_column type=&#8221;3_5&#8243; _builder_version=&#8221;4.24.2&#8243; _module_preset=&#8221;default&#8221; global_colors_info=&#8221;{}&#8221;][et_pb_text _builder_version=&#8221;4.27.6&#8243; _module_preset=&#8221;default&#8221; hover_enabled=&#8221;0&#8243; global_colors_info=&#8221;{}&#8221; sticky_enabled=&#8221;0&#8243;]<\/p>\n<p>Since 2017, we, Konsulttiverkko, a premier Finnish management consulting firm, have continued our operational success and strategic achievements in aiding businesses across various industries. Known for our approach that tailors advice and solutions to the specific needs of each client, we have become a beacon of excellence in strategic management consulting.<\/p>\n<p>While our journey began with a strong focus on the Finnish domestic market, we have rapidly evolved into a trusted international partner. Today, our expertise is sought after by clients across the globe, spanning countries such as Germany, France, India, Italy, the Netherlands, Belgium, Ireland, the United Arab Emirates, Thailand, Sweden, Norway, the UK, Estonia, and Switzerland. In particular, we have supported several European airlines in their crew planning and utilized Lean principles to bring enhanced efficiency and flexibility to their service business operations. This expanding global footprint underscores our ability to deliver value across diverse business cultures and complex international environments.<\/p>\n<p>Moreover, our consulting services have been sought after for a variety of projects, from a comprehensive market research study for an online retailer to a lean analysis of leading retail chain operations. Our guidance in the healthcare technology sector demonstrates our adaptability and expertise across industries.Simultaneously, we have significantly strengthened our presence in the Finnish public sector. Our strategic investment in appointing a dedicated Head of Public Sector has yielded excellent results; we have successfully secured numerous major procurement contracts and are now a key partner in all major domestic framework agreements.<\/p>\n<p>Contact us today to discover how Konsulttiverkko&#8217;s tailored solutions and expertise can propel your business towards unprecedented success. Let us partner with you to navigate challenges, drive growth, and innovate for the future. Your success is our priority.<\/p>\n<p>[\/et_pb_text][\/et_pb_column][\/et_pb_row][\/et_pb_section]<\/p>\n","protected":false},"excerpt":{"rendered":"<p>Management ConsultingSince 2017, we, Konsulttiverkko, a premier Finnish management consulting firm, have continued our operational success and strategic achievements in aiding businesses across various industries. Known for our approach that tailors advice and solutions to the specific needs of each client, we have become a beacon of excellence in strategic management consulting. While our journey [&hellip;]<\/p>\n","protected":false},"author":4,"featured_media":0,"parent":0,"menu_order":0,"comment_status":"closed","ping_status":"closed","template":"","meta":{"_acf_changed":false,"_et_pb_use_builder":"on","_et_pb_old_content":"<p>[et_pb_section fb_built=\"1\" _builder_version=\"4.16\" background_color=\"rgba(0,0,0,0.69)\" background_image=\"https:\/\/konsulttiverkko.fi\/wp-content\/uploads\/2021\/02\/Konsulttiverkko_Palvelumme_mobiili_1280x570px-1.jpg\" background_position=\"top_left\" background_blend=\"overlay\" custom_padding=\"30px||30px||true|false\" background_last_edited=\"on|desktop\" background_image_tablet=\"https:\/\/konsulttiverkko.fi\/wp-content\/uploads\/2021\/02\/Konsulttiverkko_Palvelumme_mobiili_1280x570px-1.jpg\" background_image_phone=\"https:\/\/konsulttiverkko.fi\/wp-content\/uploads\/2021\/02\/Konsulttiverkko_Palvelumme_mobiili_1280x570px-1.jpg\" background_enable_image_tablet=\"on\" background_enable_image_phone=\"on\" parallax_tablet=\"off\" parallax_phone=\"off\" background_position_tablet=\"top_right\" global_colors_info=\"{}\"][et_pb_row use_custom_gutter=\"on\" gutter_width=\"2\" make_equal=\"on\" _builder_version=\"4.16\" global_colors_info=\"{}\"][et_pb_column type=\"4_4\" _builder_version=\"4.16\" global_colors_info=\"{}\"][et_pb_text module_class=\"dct_m_header\" _builder_version=\"4.16\" text_font=\"Poppins||||||||\" header_font=\"Poppins||||||||\" header_letter_spacing=\"1px\" header_line_height=\"1.1em\" header_2_font=\"|600||on|||||\" header_2_text_color=\"#FFFFFF\" header_2_font_size=\"40px\" header_2_letter_spacing=\"1px\" header_2_line_height=\"2em\" header_2_font_size_tablet=\"40px\" header_2_font_size_phone=\"25px\" header_2_font_size_last_edited=\"on|phone\" global_colors_info=\"{}\"]<\/p><h2>Palvelumme<\/h2><p>[\/et_pb_text][\/et_pb_column][\/et_pb_row][\/et_pb_section][et_pb_section fb_built=\"1\" _builder_version=\"4.16\" background_color=\"#f3f3f3\" custom_padding=\"0px||0px||true|false\" saved_tabs=\"all\" global_colors_info=\"{}\"][et_pb_row column_structure=\"1_3,1_3,1_3\" use_custom_gutter=\"on\" gutter_width=\"2\" make_equal=\"on\" _builder_version=\"4.16\" width=\"100%\" custom_padding=\"||0px||false|false\" global_colors_info=\"{}\"][et_pb_column type=\"1_3\" module_class=\"dct_service_v3\" _builder_version=\"4.16\" global_colors_info=\"{}\"][et_pb_image src=\"https:\/\/konsulttiverkko.fi\/wp-content\/uploads\/2021\/02\/Konsulttiverkon_vuosi_2020-1.jpg\" title_text=\"Konsulttiverkko\" show_bottom_space=\"off\" force_fullwidth=\"on\" _builder_version=\"4.22.2\" global_colors_info=\"{}\"][\/et_pb_image][et_pb_blurb title=\"ESG-vastuullisuusraportointi\" use_icon=\"on\" font_icon=\"g||divi||400\" icon_placement=\"left\" admin_label=\"blurb-1\" module_class=\"dct_blurb_1\" _builder_version=\"4.22.2\" header_font=\"||||||||\" body_font=\"||||||||\" global_colors_info=\"{}\"][\/et_pb_blurb][et_pb_blurb title=\"ESG-vastuullisuus- raportointi\" use_icon=\"on\" font_icon=\"g||divi||400\" icon_placement=\"left\" admin_label=\"blurb-2\" module_class=\"dct_blurb_2\" _builder_version=\"4.22.2\" header_font=\"||||||||\" body_font=\"||||||||\" body_font_size_tablet=\"\" body_font_size_phone=\"15px\" body_font_size_last_edited=\"on|phone\" global_colors_info=\"{}\" custom_css_blurb_content_last_edited=\"on|phone\" custom_css_blurb_content_phone=\"font-size: 20px;\"]<\/p><p>Konsulttiverkko valittiin loppuvuoden 2023 aikana valmistelemaan EU:n CSRD-raportointiin liittyvi\u00e4 prosesseja ja toimintamallia merkitt\u00e4v\u00e4lle kuntaomisteiselle ateria- ja siivouspalveluyritykselle.<\/p><p>[\/et_pb_blurb][\/et_pb_column][et_pb_column type=\"1_3\" module_class=\"dct_service_v3\" _builder_version=\"4.16\" global_colors_info=\"{}\"][et_pb_image src=\"https:\/\/konsulttiverkko.fi\/wp-content\/uploads\/2023\/09\/idea-g8c7184579_1920.jpg\" title_text=\"Kysynt\u00e4jousto Konsulttiverkko\" show_bottom_space=\"off\" force_fullwidth=\"on\" _builder_version=\"4.22.2\" global_colors_info=\"{}\"][\/et_pb_image][et_pb_blurb title=\"Selvitys kysynt\u00e4jouston liiketoimintapotentiaalista\" use_icon=\"on\" font_icon=\"g||divi||400\" icon_placement=\"left\" admin_label=\"blurb-1\" module_class=\"dct_blurb_1\" _builder_version=\"4.22.2\" header_font=\"||||||||\" body_font=\"||||||||\" global_colors_info=\"{}\"][\/et_pb_blurb][et_pb_blurb title=\"Selvitys kysynt\u00e4jouston liiketoimintapotentiaalista\" use_icon=\"on\" font_icon=\"g||divi||400\" icon_placement=\"left\" admin_label=\"blurb-2\" module_class=\"dct_blurb_2\" _builder_version=\"4.22.2\" header_font=\"||||||||\" body_font=\"||||||||\" global_colors_info=\"{}\"]<\/p><p>Selvitimme energiayhti\u00f6n kysynt\u00e4jouston potentiaalia data-analyysin ja asiakashaastatteluiden avulla sek\u00e4 loimme r\u00e4\u00e4t\u00e4l\u00f6ityj\u00e4 tuotteistusvaihtoehtoja liiketoimintapotentiaalin arvioimiseksi.<\/p><p>[\/et_pb_blurb][\/et_pb_column][et_pb_column type=\"1_3\" module_class=\"dct_service_v3\" _builder_version=\"4.16\" global_colors_info=\"{}\"][et_pb_image src=\"https:\/\/konsulttiverkko.fi\/wp-content\/uploads\/2020\/08\/Lyhyt_katsauskonsulttiverkon_tapahtumista_2020_blogi.jpg\" title_text=\"Lyhyt_katsauskonsulttiverkon_tapahtumista_2020_blogi\" show_bottom_space=\"off\" force_fullwidth=\"on\" _builder_version=\"4.22.2\" global_colors_info=\"{}\"][\/et_pb_image][et_pb_blurb title=\"Toiminnan tehostamisella kasvua\" use_icon=\"on\" font_icon=\"g||divi||400\" icon_placement=\"left\" admin_label=\"blurb-1\" module_class=\"dct_blurb_1\" _builder_version=\"4.22.2\" header_font=\"||||||||\" header_font_size=\"18px\" body_font=\"||||||||\" global_colors_info=\"{}\"][\/et_pb_blurb][et_pb_blurb title=\"Toiminnan tehostamisella kasvua\" use_icon=\"on\" font_icon=\"g||divi||400\" icon_placement=\"left\" admin_label=\"blurb-2\" module_class=\"dct_blurb_2\" _builder_version=\"4.22.2\" header_font=\"||||||||\" body_font=\"||||||||\" global_colors_info=\"{}\"]<\/p><p>Olemme tukeneet keskisuurta hoitoalan teknologiatoimittajaa k\u00e4ytt\u00e4j\u00e4tukeen liittyv\u00e4n tavoitetilan toimintamallin m\u00e4\u00e4rityksess\u00e4 ja ulkoistuskumppanin valinnassa<\/p><p>[\/et_pb_blurb][\/et_pb_column][\/et_pb_row][et_pb_row column_structure=\"1_3,1_3,1_3\" use_custom_gutter=\"on\" gutter_width=\"2\" make_equal=\"on\" _builder_version=\"4.16\" width=\"100%\" custom_padding=\"||0px||false|false\" global_colors_info=\"{}\"][et_pb_column type=\"1_3\" module_class=\"dct_service_v3\" _builder_version=\"4.16\" global_colors_info=\"{}\"][et_pb_image src=\"https:\/\/konsulttiverkko.fi\/wp-content\/uploads\/2021\/02\/EsimerkkejaToimeksiannoistaKasvuStrategiaYhtioille.jpg\" title_text=\"EsimerkkejaToimeksiannoistaKasvuStrategiaYhtioille\" show_bottom_space=\"off\" force_fullwidth=\"on\" _builder_version=\"4.16\" global_colors_info=\"{}\"][\/et_pb_image][et_pb_blurb title=\"Kasvustrategia yhti\u00f6lle\" use_icon=\"on\" font_icon=\"g||divi||400\" icon_placement=\"left\" admin_label=\"blurb-1\" module_class=\"dct_blurb_1\" _builder_version=\"4.16\" header_font=\"||||||||\" body_font=\"||||||||\" global_colors_info=\"{}\"][\/et_pb_blurb][et_pb_blurb title=\"Kasvustrategia yhti\u00f6lle\" use_icon=\"on\" font_icon=\"g||divi||400\" icon_placement=\"left\" admin_label=\"blurb-2\" module_class=\"dct_blurb_2\" _builder_version=\"4.16\" header_font=\"||||||||\" body_font=\"||||||||\" body_font_size_tablet=\"\" body_font_size_phone=\"15px\" body_font_size_last_edited=\"on|phone\" global_colors_info=\"{}\" custom_css_blurb_content_last_edited=\"on|phone\" custom_css_blurb_content_phone=\"font-size: 20px;\"]<\/p><p>Fasilitoimme sarjan johtoryhm\u00e4n ty\u00f6pajoja, jolla tuimme toimivan johdon ty\u00f6t\u00e4 kasvustrategiaan liittyv\u00e4ss\u00e4 p\u00e4ivityksess\u00e4. Tavoite oli l\u00f6yt\u00e4\u00e4 uusia kasvuaihioita seuraavan viiden vuoden s\u00e4teell\u00e4.<\/p><p>[\/et_pb_blurb][et_pb_blurb title=\"Kasvustrategia listatulle yhti\u00f6lle\" use_icon=\"on\" font_icon=\"g||divi||400\" icon_placement=\"left\" admin_label=\"blurb-2\" module_class=\"dct_blurb_2\" _builder_version=\"4.16\" header_font=\"||||||||\" body_font=\"||||||||\" global_colors_info=\"{}\"]<\/p><p>Fasilitoimme sarjan johtoryhm\u00e4n ty\u00f6pajoja, jolla tuimme toimivan johdon ty\u00f6t\u00e4 kasvustrategiaan liittyv\u00e4ss\u00e4 p\u00e4ivityksess\u00e4. Tavoite oli l\u00f6yt\u00e4\u00e4 uusia kasvuaihioita seuraavan viiden vuoden s\u00e4teell\u00e4.<\/p><p>[\/et_pb_blurb][\/et_pb_column][et_pb_column type=\"1_3\" module_class=\"dct_service_v3\" _builder_version=\"4.16\" global_colors_info=\"{}\"][et_pb_image src=\"https:\/\/konsulttiverkko.fi\/wp-content\/uploads\/2021\/02\/EsimerkkejaToimeksiannoista_B2B.jpg\" title_text=\"EsimerkkejaToimeksiannoista_B2B\" show_bottom_space=\"off\" force_fullwidth=\"on\" _builder_version=\"4.16\" global_colors_info=\"{}\"][\/et_pb_image][et_pb_blurb title=\"B2B-myynnin kehitt\u00e4minen\" use_icon=\"on\" font_icon=\"g||divi||400\" icon_placement=\"left\" admin_label=\"blurb-1\" module_class=\"dct_blurb_1\" _builder_version=\"4.16\" header_font=\"||||||||\" body_font=\"||||||||\" global_colors_info=\"{}\"][\/et_pb_blurb][et_pb_blurb title=\"B2B-myynnin kehitt\u00e4minen\" use_icon=\"on\" font_icon=\"g||divi||400\" icon_placement=\"left\" admin_label=\"blurb-2\" module_class=\"dct_blurb_2\" _builder_version=\"4.16\" header_font=\"||||||||\" body_font=\"||||||||\" global_colors_info=\"{}\"]<\/p><p>Ty\u00f6skentelimme yhdess\u00e4 monialaisen konsernin johtoryhm\u00e4n kanssa myynnin kehitt\u00e4miseksi. Tuloksina kirkastettu myynnin toimintasuunnitelma ja asiakkuusstrategia.<\/p><p>[\/et_pb_blurb][\/et_pb_column][et_pb_column type=\"1_3\" module_class=\"dct_service_v3\" _builder_version=\"4.16\" global_colors_info=\"{}\"][et_pb_image src=\"https:\/\/konsulttiverkko.fi\/wp-content\/uploads\/2021\/02\/EsimerkkejaToimeksiannoista_Markkinaselvitys.jpg\" title_text=\"EsimerkkejaToimeksiannoista_Markkinaselvitys\" show_bottom_space=\"off\" force_fullwidth=\"on\" _builder_version=\"4.16\" global_colors_info=\"{}\"][\/et_pb_image][et_pb_blurb title=\"Markkinaselvitys verkkokaupasta\" use_icon=\"on\" font_icon=\"g||divi||400\" icon_placement=\"left\" admin_label=\"blurb-1\" module_class=\"dct_blurb_1\" _builder_version=\"4.16\" header_font=\"||||||||\" header_font_size=\"18px\" body_font=\"||||||||\" global_colors_info=\"{}\"][\/et_pb_blurb][et_pb_blurb title=\"Markkinaselvitys Verkkokaupasta\" use_icon=\"on\" font_icon=\"g||divi||400\" icon_placement=\"left\" admin_label=\"blurb-2\" module_class=\"dct_blurb_2\" _builder_version=\"4.16\" header_font=\"||||||||\" body_font=\"||||||||\" global_colors_info=\"{}\"]<\/p><p>Toimitimme listatulle yhtio\u0308lle verkkokaupan kasvuun liittyva\u0308n markkinaselvityksen. Tyo\u0308 tehtiin kokonaan eta\u0308na\u0308 ja tulokset ka\u0308ytiin la\u0308pi yhteisissa\u0308 eta\u0308kokouksissa.<\/p><p>[\/et_pb_blurb][\/et_pb_column][\/et_pb_row][et_pb_row column_structure=\"1_3,1_3,1_3\" use_custom_gutter=\"on\" gutter_width=\"2\" make_equal=\"on\" _builder_version=\"4.16\" width=\"100%\" global_colors_info=\"{}\"][et_pb_column type=\"1_3\" module_class=\"dct_service_v3\" _builder_version=\"4.16\" global_colors_info=\"{}\"][et_pb_image src=\"https:\/\/konsulttiverkko.fi\/wp-content\/uploads\/2021\/02\/EsimerkkejaToimeksiannoista_LeanNykytila.jpg\" title_text=\"EsimerkkejaToimeksiannoista_LeanNykytila\" show_bottom_space=\"off\" force_fullwidth=\"on\" _builder_version=\"4.16\" global_colors_info=\"{}\"][\/et_pb_image][et_pb_blurb title=\"Lean nykytila-analyysi\" use_icon=\"on\" font_icon=\"g||divi||400\" icon_placement=\"left\" admin_label=\"blurb-1\" module_class=\"dct_blurb_1\" _builder_version=\"4.16\" header_font=\"||||||||\" body_font=\"||||||||\" global_colors_info=\"{}\"][\/et_pb_blurb][et_pb_blurb title=\"Lean-nykytila-analyysi\" use_icon=\"on\" font_icon=\"g||divi||400\" icon_placement=\"left\" admin_label=\"blurb-2\" module_class=\"dct_blurb_2\" _builder_version=\"4.16\" header_font=\"||||||||\" body_font=\"||||||||\" global_colors_info=\"{}\"]<\/p><p>Toimitimme analyysin myym\u00e4l\u00e4toimintojen kehitt\u00e4miskohteista kategoriassaan Suomen johtavalle v\u00e4hitt\u00e4iskaupan ketjulle, jolla on yli 70 myyntipistett\u00e4.<\/p><p>[\/et_pb_blurb][\/et_pb_column][et_pb_column type=\"1_3\" module_class=\"dct_service_v3\" _builder_version=\"4.16\" global_colors_info=\"{}\"][et_pb_image src=\"https:\/\/konsulttiverkko.fi\/wp-content\/uploads\/2021\/02\/EsimerkkejaToimeksiannoista_PKYrityksienERP.jpg\" title_text=\"EsimerkkejaToimeksiannoista_PKYrityksienERP\" show_bottom_space=\"off\" force_fullwidth=\"on\" _builder_version=\"4.16\" global_colors_info=\"{}\"][\/et_pb_image][et_pb_blurb title=\"PK-yrityksen ERP-valinta\" use_icon=\"on\" font_icon=\"g||divi||400\" icon_placement=\"left\" admin_label=\"blurb-1\" module_class=\"dct_blurb_1\" _builder_version=\"4.16\" header_font=\"||||||||\" body_font=\"||||||||\" global_colors_info=\"{}\"][\/et_pb_blurb][et_pb_blurb title=\"PK-yrityksen ERP-valinta\" use_icon=\"on\" font_icon=\"g||divi||400\" icon_placement=\"left\" admin_label=\"blurb-2\" module_class=\"dct_blurb_2\" _builder_version=\"4.16\" header_font=\"||||||||\" body_font=\"||||||||\" global_colors_info=\"{}\"]<\/p><p>Toimitimme ERP-valintaan liittyv\u00e4n vaatimusm\u00e4\u00e4rittelyn, tavoitetilan m\u00e4\u00e4rittelyn ja kilpailutuksen valmistavan teollisuuden yritykselle.<\/p><p>[\/et_pb_blurb][\/et_pb_column][et_pb_column type=\"1_3\" module_class=\"dct_service_v3\" _builder_version=\"4.16\" global_colors_info=\"{}\"][et_pb_image src=\"https:\/\/konsulttiverkko.fi\/wp-content\/uploads\/2021\/02\/EsimerkkejaToimeksiannoista_JohdonNeuvonanto.jpg\" title_text=\"EsimerkkejaToimeksiannoista_JohdonNeuvonanto\" show_bottom_space=\"off\" force_fullwidth=\"on\" _builder_version=\"4.16\" global_colors_info=\"{}\"][\/et_pb_image][et_pb_blurb title=\"Ylimm\u00e4n johdon neuvonanto\" use_icon=\"on\" font_icon=\"g||divi||400\" icon_placement=\"left\" admin_label=\"blurb-1\" module_class=\"dct_blurb_1\" _builder_version=\"4.16\" header_font=\"||||||||\" body_font=\"||||||||\" global_colors_info=\"{}\"][\/et_pb_blurb][et_pb_blurb title=\"Ylimm\u00e4n johdon neuvonanto\" use_icon=\"on\" font_icon=\"g||divi||400\" icon_placement=\"left\" admin_label=\"blurb-2\" module_class=\"dct_blurb_2\" _builder_version=\"4.16\" header_font=\"||||||||\" body_font=\"||||||||\" global_colors_info=\"{}\"]<\/p><p>Olemme toimineet valtion sijoitusyhtio\u0308n neuvonantajana kesa\u0308sta\u0308 2019 alkaen liittyen erityisesti markkinakartoituksiin ja toimialan ulkopuolisiin na\u0308kemyksiin.<\/p><p>[\/et_pb_blurb][\/et_pb_column][\/et_pb_row][\/et_pb_section][et_pb_section fb_built=\"1\" _builder_version=\"4.16\" custom_padding=\"50px||0px|||\" global_colors_info=\"{}\"][et_pb_row _builder_version=\"4.24.2\" custom_padding=\"0px||0px||true|false\" hover_enabled=\"0\" global_colors_info=\"{}\" border_width_top=\"10px\" border_color_top=\"#30C57A\" sticky_enabled=\"0\"][et_pb_column type=\"4_4\" _builder_version=\"4.16\" global_colors_info=\"{}\"][et_pb_text module_class=\"dct_title_v3\" _builder_version=\"4.24.2\" text_font=\"||||||||\" header_4_font=\"||||||||\" custom_margin=\"15px||15px||false|false\" global_colors_info=\"{}\"]<\/p><h4>Asiakasreferenssit<\/h4><h2>Asiakkaamme suosittelevat meit\u00e4.<\/h2><p>[\/et_pb_text][\/et_pb_column][\/et_pb_row][et_pb_row use_custom_gutter=\"on\" gutter_width=\"2\" make_equal=\"on\" _builder_version=\"4.16\" custom_padding=\"0px||||false|false\" global_colors_info=\"{}\"][et_pb_column type=\"4_4\" _builder_version=\"4.16\" global_colors_info=\"{}\"][et_pb_blog fullwidth=\"off\" posts_number=\"3\" include_categories=\"362\" meta_date=\"j.n.Y\" excerpt_length=\"120\" show_author=\"off\" show_excerpt=\"off\" show_pagination=\"off\" use_overlay=\"on\" hover_icon=\"\ue0ec||divi||400\" module_class=\"dct_blog_v4\" _builder_version=\"4.24.2\" header_font=\"||||||||\" meta_font=\"||||||||\" read_more_font=\"||||||||\" custom_padding=\"||2vw||false|false\" global_colors_info=\"{}\"][\/et_pb_blog][\/et_pb_column][\/et_pb_row][\/et_pb_section]<\/p>","_et_gb_content_width":"","inline_featured_image":false,"footnotes":""},"class_list":["post-5205","page","type-page","status-publish","hentry"],"acf":[],"_links":{"self":[{"href":"https:\/\/konsulttiverkko.fi\/en\/wp-json\/wp\/v2\/pages\/5205","targetHints":{"allow":["GET"]}}],"collection":[{"href":"https:\/\/konsulttiverkko.fi\/en\/wp-json\/wp\/v2\/pages"}],"about":[{"href":"https:\/\/konsulttiverkko.fi\/en\/wp-json\/wp\/v2\/types\/page"}],"author":[{"embeddable":true,"href":"https:\/\/konsulttiverkko.fi\/en\/wp-json\/wp\/v2\/users\/4"}],"replies":[{"embeddable":true,"href":"https:\/\/konsulttiverkko.fi\/en\/wp-json\/wp\/v2\/comments?post=5205"}],"version-history":[{"count":13,"href":"https:\/\/konsulttiverkko.fi\/en\/wp-json\/wp\/v2\/pages\/5205\/revisions"}],"predecessor-version":[{"id":8915,"href":"https:\/\/konsulttiverkko.fi\/en\/wp-json\/wp\/v2\/pages\/5205\/revisions\/8915"}],"wp:attachment":[{"href":"https:\/\/konsulttiverkko.fi\/en\/wp-json\/wp\/v2\/media?parent=5205"}],"curies":[{"name":"wp","href":"https:\/\/api.w.org\/{rel}","templated":true}]}}