{"id":7778,"date":"2025-10-10T09:36:13","date_gmt":"2025-10-10T06:36:13","guid":{"rendered":"https:\/\/konsulttiverkko.fi\/?page_id=7778"},"modified":"2025-10-13T07:54:53","modified_gmt":"2025-10-13T04:54:53","slug":"konsulttiverkko","status":"publish","type":"page","link":"https:\/\/konsulttiverkko.fi\/en\/consultants\/konsulttiverkko\/","title":{"rendered":"Konsulttiverkko"},"content":{"rendered":"<p>[et_pb_section fb_built=&#8221;1&#8243; _builder_version=&#8221;4.27.2&#8243; background_color=&#8221;rgba(0,0,0,0.69)&#8221; background_image=&#8221;https:\/\/konsulttiverkko.fi\/wp-content\/uploads\/2021\/03\/Konsulttiverkko_Konsultimme_1280x853px.jpg&#8221; background_position=&#8221;top_left&#8221; background_blend=&#8221;overlay&#8221; custom_padding=&#8221;30px||30px||true|false&#8221; global_colors_info=&#8221;{}&#8221;][et_pb_row use_custom_gutter=&#8221;on&#8221; gutter_width=&#8221;2&#8243; make_equal=&#8221;on&#8221; _builder_version=&#8221;4.16&#8243; max_width=&#8221;1170px&#8221; global_colors_info=&#8221;{}&#8221;][et_pb_column type=&#8221;4_4&#8243; _builder_version=&#8221;4.16&#8243; global_colors_info=&#8221;{}&#8221;][et_pb_text module_class=&#8221;dct_m_header&#8221; _builder_version=&#8221;4.24.2&#8243; text_font=&#8221;Poppins||||||||&#8221; header_font=&#8221;Poppins|||on|||||&#8221; header_font_size=&#8221;40px&#8221; header_2_font=&#8221;|600||on|||||&#8221; header_2_text_color=&#8221;#FFFFFF&#8221; header_2_font_size=&#8221;40px&#8221; header_2_letter_spacing=&#8221;1px&#8221; header_2_line_height=&#8221;2em&#8221; header_font_size_tablet=&#8221;40px&#8221; header_font_size_phone=&#8221;25px&#8221; header_font_size_last_edited=&#8221;on|desktop&#8221; header_2_font_size_tablet=&#8221;&#8221; header_2_font_size_phone=&#8221;25px&#8221; header_2_font_size_last_edited=&#8221;on|desktop&#8221; global_colors_info=&#8221;{}&#8221;]<\/p>\n<h2>Konsulttiverkko<\/h2>\n<p>[\/et_pb_text][\/et_pb_column][\/et_pb_row][\/et_pb_section][et_pb_section fb_built=&#8221;1&#8243; _builder_version=&#8221;4.24.2&#8243; _module_preset=&#8221;default&#8221; global_colors_info=&#8221;{}&#8221;][et_pb_row _builder_version=&#8221;4.24.2&#8243; _module_preset=&#8221;default&#8221; global_colors_info=&#8221;{}&#8221;][et_pb_column type=&#8221;4_4&#8243; _builder_version=&#8221;4.24.2&#8243; _module_preset=&#8221;default&#8221; global_colors_info=&#8221;{}&#8221;][et_pb_text module_class=&#8221;dct_title_v3&#8243; _builder_version=&#8221;4.27.4&#8243; _module_preset=&#8221;default&#8221; text_orientation=&#8221;center&#8221; global_colors_info=&#8221;{}&#8221;]<\/p>\n<h4 style=\"text-align: center;\">Contact us<\/h4>\n<h2 style=\"text-align: center;\">Konsulttiverkko Oy<\/h2>\n<p>[\/et_pb_text][\/et_pb_column][\/et_pb_row][et_pb_row column_structure=&#8221;1_5,1_5,1_5,1_5,1_5&#8243; use_custom_gutter=&#8221;on&#8221; gutter_width=&#8221;2&#8243; module_class=&#8221;konsulttiverkko-contact&#8221; _builder_version=&#8221;4.24.2&#8243; _module_preset=&#8221;default&#8221; width=&#8221;100%&#8221; max_width=&#8221;1180px&#8221; global_colors_info=&#8221;{}&#8221;][et_pb_column type=&#8221;1_5&#8243; _builder_version=&#8221;4.24.2&#8243; _module_preset=&#8221;default&#8221; global_colors_info=&#8221;{}&#8221;][et_pb_blurb title=&#8221;Sami Hy\u00f6tyl\u00e4inen&#8221; image=&#8221;https:\/\/konsulttiverkko.fi\/wp-content\/uploads\/2021\/03\/Konsulttiverkko_SamiHyotylainen_350x467px.jpg&#8221; module_class=&#8221;dct_pr&#8221; _builder_version=&#8221;4.24.2&#8243; _module_preset=&#8221;default&#8221; animation=&#8221;off&#8221; hover_enabled=&#8221;0&#8243; global_colors_info=&#8221;{}&#8221; sticky_enabled=&#8221;0&#8243;]<\/p>\n<p>CEO, partner<\/p>\n<p><a href=\"callto:+358408018381\">+358 40 801 8381<\/a><br \/><a href=\"mailto:sami@konsulttiverkko.fi\">sami@konsulttiverkko.fi<\/a><\/p>\n<p>[\/et_pb_blurb][\/et_pb_column][et_pb_column type=&#8221;1_5&#8243; _builder_version=&#8221;4.24.2&#8243; _module_preset=&#8221;default&#8221; global_colors_info=&#8221;{}&#8221;][et_pb_blurb title=&#8221;Jussi J\u00e4rvinen &#8221; image=&#8221;https:\/\/konsulttiverkko.fi\/wp-content\/uploads\/2021\/03\/Konsulttiverkko_JussiJarvinen_350x467px.jpg&#8221; module_class=&#8221;dct_pr&#8221; _builder_version=&#8221;4.27.4&#8243; _module_preset=&#8221;default&#8221; animation=&#8221;off&#8221; hover_enabled=&#8221;0&#8243; global_colors_info=&#8221;{}&#8221; sticky_enabled=&#8221;0&#8243;]<\/p>\n<p>Partner<\/p>\n<p><a href=\"callto:+358407725840\">+358 40 772 5840<\/a><br \/><a href=\"mailto:jussi@konsulttiverkko.fi\">jussi@konsulttiverkko.fi<\/a><\/p>\n<p>[\/et_pb_blurb][\/et_pb_column][et_pb_column type=&#8221;1_5&#8243; _builder_version=&#8221;4.24.2&#8243; _module_preset=&#8221;default&#8221; global_colors_info=&#8221;{}&#8221;][et_pb_blurb title=&#8221;Jouni Nieminen&#8221; image=&#8221;https:\/\/konsulttiverkko.fi\/wp-content\/uploads\/2021\/03\/Konsulttiverkko_JouniNieminen_350x467px.jpg&#8221; module_class=&#8221;dct_pr&#8221; _builder_version=&#8221;4.27.4&#8243; _module_preset=&#8221;default&#8221; animation=&#8221;off&#8221; hover_enabled=&#8221;0&#8243; global_colors_info=&#8221;{}&#8221; sticky_enabled=&#8221;0&#8243;]<\/p>\n<p>Partner<\/p>\n<p><a href=\"callto:+358405664565\">+358 40 566 4565<\/a><br \/><a href=\"mailto:jouni@konsulttiverkko.fi\">jouni@konsulttiverkko.fi<\/a><\/p>\n<p>[\/et_pb_blurb][\/et_pb_column][et_pb_column type=&#8221;1_5&#8243; _builder_version=&#8221;4.24.2&#8243; _module_preset=&#8221;default&#8221; global_colors_info=&#8221;{}&#8221;][et_pb_blurb title=&#8221;Kaisa K\u00e4rkk\u00e4inen&#8221; image=&#8221;https:\/\/konsulttiverkko.fi\/wp-content\/uploads\/2025\/03\/Karkkainen-Kaisa-BW.jpg&#8221; module_class=&#8221;dct_pr&#8221; _builder_version=&#8221;4.27.4&#8243; _module_preset=&#8221;default&#8221; animation=&#8221;off&#8221; hover_enabled=&#8221;0&#8243; global_colors_info=&#8221;{}&#8221; sticky_enabled=&#8221;0&#8243;]<\/p>\n<p>Director, Public Sector Sales<\/p>\n<p><a href=\"tel:+358401474166\">+358401474166<\/a><br \/><a href=\"mailto:kaisa.karkkainen@konsulttiverkko.fi\">kaisa.karkkainen<br \/>@konsulttiverkko.fi<\/a><\/p>\n<p>[\/et_pb_blurb][\/et_pb_column][et_pb_column type=&#8221;1_5&#8243; _builder_version=&#8221;4.24.2&#8243; _module_preset=&#8221;default&#8221; global_colors_info=&#8221;{}&#8221;][et_pb_blurb title=&#8221;Vuokko Koistila&#8221; image=&#8221;https:\/\/konsulttiverkko.fi\/wp-content\/uploads\/2021\/03\/Konsulttiverkko_henkilokuvat_Vuokko_Koistila_350x467px.jpg&#8221; module_class=&#8221;dct_pr&#8221; _builder_version=&#8221;4.27.4&#8243; _module_preset=&#8221;default&#8221; animation=&#8221;off&#8221; hover_enabled=&#8221;0&#8243; global_colors_info=&#8221;{}&#8221; sticky_enabled=&#8221;0&#8243;]<\/p>\n<p>Development manager<\/p>\n<p><a href=\"tel:+358413191852\">+358413191852<\/a><br \/><a href=\"mailto:vuokko.koistila@konsulttiverkko.fi\">vuokko.koistila@konsulttiverkko.fi<\/a><\/p>\n<p>[\/et_pb_blurb][\/et_pb_column][\/et_pb_row][\/et_pb_section]<\/p>\n","protected":false},"excerpt":{"rendered":"<p>KonsulttiverkkoContact us Konsulttiverkko OyCEO, partner +358 40 801 8381sami@konsulttiverkko.fiPartner +358 40 772 5840jussi@konsulttiverkko.fiPartner +358 40 566 4565jouni@konsulttiverkko.fiDirector, Public Sector Sales +358401474166kaisa.karkkainen@konsulttiverkko.fiDevelopment manager +358413191852vuokko.koistila@konsulttiverkko.fi<\/p>\n","protected":false},"author":4,"featured_media":0,"parent":7736,"menu_order":0,"comment_status":"closed","ping_status":"closed","template":"","meta":{"_acf_changed":false,"_et_pb_use_builder":"on","_et_pb_old_content":"<p>[et_pb_section fb_built=\"1\" _builder_version=\"4.27.2\" background_color=\"rgba(0,0,0,0.69)\" background_image=\"https:\/\/konsulttiverkko.fi\/wp-content\/uploads\/2021\/03\/Konsulttiverkko_Konsultimme_1280x853px.jpg\" background_position=\"top_left\" background_blend=\"overlay\" custom_padding=\"30px||30px||true|false\" global_colors_info=\"{}\"][et_pb_row use_custom_gutter=\"on\" gutter_width=\"2\" make_equal=\"on\" _builder_version=\"4.16\" max_width=\"1170px\" global_colors_info=\"{}\"][et_pb_column type=\"4_4\" _builder_version=\"4.16\" global_colors_info=\"{}\"][et_pb_text module_class=\"dct_m_header\" _builder_version=\"4.24.2\" text_font=\"Poppins||||||||\" header_font=\"Poppins|||on|||||\" header_font_size=\"40px\" header_2_font=\"|600||on|||||\" header_2_text_color=\"#FFFFFF\" header_2_font_size=\"40px\" header_2_letter_spacing=\"1px\" header_2_line_height=\"2em\" header_font_size_tablet=\"40px\" header_font_size_phone=\"25px\" header_font_size_last_edited=\"on|desktop\" header_2_font_size_tablet=\"\" header_2_font_size_phone=\"25px\" header_2_font_size_last_edited=\"on|desktop\" global_colors_info=\"{}\"]<\/p><h2>Konsulttiverkko<\/h2><p>[\/et_pb_text][\/et_pb_column][\/et_pb_row][\/et_pb_section][et_pb_section fb_built=\"1\" _builder_version=\"4.16\" background_enable_color=\"off\" custom_padding=\"0px||32px|||\" saved_tabs=\"all\" global_colors_info=\"{}\"][et_pb_row use_custom_gutter=\"on\" gutter_width=\"2\" make_equal=\"on\" _builder_version=\"4.16\" max_width=\"1170px\" custom_padding=\"29px|||||\" global_colors_info=\"{}\"][et_pb_column type=\"4_4\" _builder_version=\"4.16\" global_colors_info=\"{}\"][et_pb_text module_class=\"dct_title_v3\" _builder_version=\"4.24.2\" text_font=\"||||||||\" header_4_font=\"||||||||\" text_orientation=\"center\" global_colors_info=\"{}\"]<\/p><h4>Ota yhteytt\u00e4<\/h4><h2>Konsulttiverkko Oy<\/h2><p>[\/et_pb_text][\/et_pb_column][\/et_pb_row][et_pb_row column_structure=\"1_5,1_5,1_5,1_5,1_5\" use_custom_gutter=\"on\" gutter_width=\"2\" make_equal=\"on\" module_class=\"konsulttiverkko-contact\" _builder_version=\"4.24.2\" _module_preset=\"default\" width=\"100%\" max_width=\"1180px\" global_colors_info=\"{}\"][et_pb_column type=\"1_5\" _builder_version=\"4.24.2\" _module_preset=\"default\" global_colors_info=\"{}\"][et_pb_blurb title=\"Sami Hy\u00f6tyl\u00e4inen\" url=\"#\" image=\"https:\/\/konsulttiverkko.fi\/wp-content\/uploads\/2021\/03\/Konsulttiverkko_SamiHyotylainen_350x467px.jpg\" module_class=\"dct_pr\" _builder_version=\"4.24.2\" header_font=\"|||on|||||\" header_text_color=\"RGBA(0,0,0,0.69)\" body_font=\"|||on|||||\" custom_padding=\"0px|||||\" animation=\"off\" link_option_url=\"#\" border_color_all_image=\"RGBA(0,0,0,0)\" global_colors_info=\"{}\"]<\/p><p>toimitusjohtaja<\/p><p><a href=\"callto:+358408018381\">+358 40 801 8381<\/a><br \/><a href=\"mailto:sami@konsulttiverkko.fi\">sami@konsulttiverkko.fi<\/a><\/p><p>[\/et_pb_blurb][\/et_pb_column][et_pb_column type=\"1_5\" _builder_version=\"4.16\" _module_preset=\"default\" global_colors_info=\"{}\"][et_pb_blurb title=\"Jouni Nieminen\" url=\"#\" image=\"https:\/\/konsulttiverkko.fi\/wp-content\/uploads\/2021\/03\/Konsulttiverkko_JouniNieminen_350x467px.jpg\" module_class=\"dct_pr\" _builder_version=\"4.24.2\" header_font=\"|||on|||||\" header_text_color=\"RGBA(0,0,0,0.69)\" body_font=\"|||on|||||\" animation=\"off\" link_option_url=\"#\" global_colors_info=\"{}\"]<\/p><p>osakas<\/p><p><a href=\"callto:+358405664565\">+358 40 566 4565<\/a><br \/><a href=\"mailto:jouni@konsulttiverkko.fi\">jouni@konsulttiverkko.fi<\/a><\/p><p>[\/et_pb_blurb][\/et_pb_column][et_pb_column type=\"1_5\" _builder_version=\"4.24.2\" _module_preset=\"default\" global_colors_info=\"{}\"][et_pb_blurb title=\"Jussi J\u00e4rvinen \" url=\"#\" image=\"https:\/\/konsulttiverkko.fi\/wp-content\/uploads\/2021\/03\/Konsulttiverkko_JussiJarvinen_350x467px.jpg\" module_class=\"dct_pr\" _builder_version=\"4.24.2\" header_font=\"|||on|||||\" header_text_color=\"RGBA(0,0,0,0.69)\" body_font=\"|||on|||||\" animation=\"off\" link_option_url=\"#\" global_colors_info=\"{}\"]<\/p><p>osakas<\/p><p><a href=\"callto:+358407725840\">+358 40 772 5840<\/a><br \/><a href=\"mailto:jussi@konsulttiverkko.fi\">jussi@konsulttiverkko.fi<\/a><\/p><p>[\/et_pb_blurb][\/et_pb_column][et_pb_column type=\"1_5\" module_class=\"separator-column\" _builder_version=\"4.24.2\" _module_preset=\"default\" global_colors_info=\"{}\"][et_pb_blurb title=\"Kaisa K\u00e4rkk\u00e4inen\" url=\"#\" image=\"https:\/\/konsulttiverkko.fi\/wp-content\/uploads\/2025\/03\/Karkkainen-Kaisa-BW.jpg\" admin_label=\"Blurb\" module_class=\"dct_pr\" _builder_version=\"4.27.4\" header_font=\"|||on|||||\" header_text_color=\"RGBA(0,0,0,0.69)\" body_font=\"|||on|||||\" animation=\"off\" link_option_url=\"#\" hover_enabled=\"0\" global_colors_info=\"{}\" sticky_enabled=\"0\" title_text=\"K\u00e4rkk\u00e4inen Kaisa BW\"]<\/p><p>toimialajohtaja<\/p><p><a href=\"tel:+358401474166\">+358401474166 <\/a><br \/><a href=\"mailto:kaisa.karkkainen@konsulttiverkko.fi\">kaisa.karkkainen<br \/>@konsulttiverkko.fi<\/a><\/p><p>[\/et_pb_blurb][\/et_pb_column][et_pb_column type=\"1_5\" _builder_version=\"4.24.2\" _module_preset=\"default\" global_colors_info=\"{}\"][et_pb_blurb title=\"Vuokko Koistila\" url=\"#\" image=\"https:\/\/konsulttiverkko.fi\/wp-content\/uploads\/2021\/03\/Konsulttiverkko_henkilokuvat_Vuokko_Koistila_350x467px.jpg\" module_class=\"dct_pr\" _builder_version=\"4.24.2\" header_font=\"|||on|||||\" header_text_color=\"RGBA(0,0,0,0.69)\" body_font=\"|||on|||||\" animation=\"off\" link_option_url=\"#\" global_colors_info=\"{}\"]<\/p><p>kehitysp\u00e4\u00e4llikk\u00f6<\/p><p><a href=\"tel:+358413191852\">+358413191852<\/a><br \/><a href=\"mailto:vuokko.koistila@konsulttiverkko.fi\">vuokko.koistila@konsulttiverkko.fi<\/a><\/p><p>[\/et_pb_blurb][\/et_pb_column][\/et_pb_row][\/et_pb_section]<\/p>","_et_gb_content_width":"","inline_featured_image":false,"footnotes":""},"class_list":["post-7778","page","type-page","status-publish","hentry"],"acf":[],"_links":{"self":[{"href":"https:\/\/konsulttiverkko.fi\/en\/wp-json\/wp\/v2\/pages\/7778","targetHints":{"allow":["GET"]}}],"collection":[{"href":"https:\/\/konsulttiverkko.fi\/en\/wp-json\/wp\/v2\/pages"}],"about":[{"href":"https:\/\/konsulttiverkko.fi\/en\/wp-json\/wp\/v2\/types\/page"}],"author":[{"embeddable":true,"href":"https:\/\/konsulttiverkko.fi\/en\/wp-json\/wp\/v2\/users\/4"}],"replies":[{"embeddable":true,"href":"https:\/\/konsulttiverkko.fi\/en\/wp-json\/wp\/v2\/comments?post=7778"}],"version-history":[{"count":14,"href":"https:\/\/konsulttiverkko.fi\/en\/wp-json\/wp\/v2\/pages\/7778\/revisions"}],"predecessor-version":[{"id":8160,"href":"https:\/\/konsulttiverkko.fi\/en\/wp-json\/wp\/v2\/pages\/7778\/revisions\/8160"}],"up":[{"embeddable":true,"href":"https:\/\/konsulttiverkko.fi\/en\/wp-json\/wp\/v2\/pages\/7736"}],"wp:attachment":[{"href":"https:\/\/konsulttiverkko.fi\/en\/wp-json\/wp\/v2\/media?parent=7778"}],"curies":[{"name":"wp","href":"https:\/\/api.w.org\/{rel}","templated":true}]}}