{"id":7803,"date":"2025-10-21T14:11:06","date_gmt":"2025-10-21T11:11:06","guid":{"rendered":"https:\/\/konsulttiverkko.fi\/?page_id=7803"},"modified":"2025-10-21T14:11:06","modified_gmt":"2025-10-21T11:11:06","slug":"market-analysis","status":"publish","type":"page","link":"https:\/\/konsulttiverkko.fi\/en\/services\/market-analysis\/","title":{"rendered":"Market Analysis"},"content":{"rendered":"<p>[et_pb_section fb_built=&#8221;1&#8243; _builder_version=&#8221;4.24.2&#8243; background_color=&#8221;rgba(0,0,0,0.69)&#8221; background_image=&#8221;https:\/\/konsulttiverkko.fi\/wp-content\/uploads\/2024\/04\/Selvitys-II-scaled.jpg&#8221; background_position=&#8221;top_left&#8221; background_blend=&#8221;overlay&#8221; custom_padding=&#8221;30px||30px||true|false&#8221; background_last_edited=&#8221;on|desktop&#8221; background_image_tablet=&#8221;https:\/\/konsulttiverkko.fi\/wp-content\/uploads\/2021\/02\/Konsulttiverkko_Palvelumme_mobiili_1280x570px-1.jpg&#8221; background_image_phone=&#8221;https:\/\/konsulttiverkko.fi\/wp-content\/uploads\/2021\/02\/Konsulttiverkko_Palvelumme_mobiili_1280x570px-1.jpg&#8221; background_enable_image_tablet=&#8221;on&#8221; background_enable_image_phone=&#8221;on&#8221; parallax_tablet=&#8221;off&#8221; parallax_phone=&#8221;off&#8221; background_position_tablet=&#8221;top_right&#8221; global_colors_info=&#8221;{}&#8221;][et_pb_row use_custom_gutter=&#8221;on&#8221; gutter_width=&#8221;2&#8243; make_equal=&#8221;on&#8221; _builder_version=&#8221;4.16&#8243; global_colors_info=&#8221;{}&#8221;][et_pb_column type=&#8221;4_4&#8243; _builder_version=&#8221;4.16&#8243; global_colors_info=&#8221;{}&#8221;][et_pb_text module_class=&#8221;dct_m_header&#8221; _builder_version=&#8221;4.27.4&#8243; text_font=&#8221;Poppins||||||||&#8221; header_font=&#8221;Poppins||||||||&#8221; header_letter_spacing=&#8221;1px&#8221; header_line_height=&#8221;1.1em&#8221; header_2_font=&#8221;|600||on|||||&#8221; header_2_text_color=&#8221;#FFFFFF&#8221; header_2_font_size=&#8221;40px&#8221; header_2_letter_spacing=&#8221;1px&#8221; header_2_line_height=&#8221;2em&#8221; header_2_font_size_tablet=&#8221;40px&#8221; header_2_font_size_phone=&#8221;25px&#8221; header_2_font_size_last_edited=&#8221;on|phone&#8221; global_colors_info=&#8221;{}&#8221;]<\/p>\n<h2>Market Analysis<\/h2>\n<p>[\/et_pb_text][\/et_pb_column][\/et_pb_row][\/et_pb_section][et_pb_section fb_built=&#8221;1&#8243; _builder_version=&#8221;4.24.2&#8243; _module_preset=&#8221;default&#8221; global_colors_info=&#8221;{}&#8221;][et_pb_row column_structure=&#8221;3_5,2_5&#8243; _builder_version=&#8221;4.24.2&#8243; _module_preset=&#8221;default&#8221; global_colors_info=&#8221;{}&#8221;][et_pb_column type=&#8221;3_5&#8243; _builder_version=&#8221;4.24.2&#8243; _module_preset=&#8221;default&#8221; global_colors_info=&#8221;{}&#8221;][et_pb_text _builder_version=&#8221;4.27.4&#8243; _module_preset=&#8221;default&#8221; global_colors_info=&#8221;{}&#8221;]SITUATION<br \/>\nThe client was transitioning into a new B2B business segment and wanted a comprehensive analysis of the market structure, customers, competitors, demand, and service pricing to support their go-to-market planning. This involved industrial services with a long sales cycle, lasting up to several years.<\/p>\n<p>OBJECTIVE<br \/>\nTo become one of Finland&#8217;s Top 3 players in a narrow industrial services segment through organic sales growth and potential inorganic growth. The market analysis provided concrete insights into which industries and services made this genuinely possible within the next 3-5 years, in a sector where the sales cycle typically spans those years.<\/p>\n<p>HOW DID KONSULTTIVERKKO HELP?<br \/>\nKonsulttiverkko supported the company&#8217;s management in conducting the market analysis and identifying strategic opportunities from the perspectives mentioned above. Various methods were utilized in the work.<\/p>\n<p>RESULTS<br \/>\nThe final outcome was a comprehensive view of the market, from total demand down to detailed prospects, documented in an Excel tool. In addition to the tool, the results were presented to the company&#8217;s management team. The client later utilized the findings in internal go-to-market planning workshops, where the industries and opportunities were concretely assigned to Business Managers.[\/et_pb_text][\/et_pb_column][et_pb_column type=&#8221;2_5&#8243; _builder_version=&#8221;4.24.2&#8243; _module_preset=&#8221;default&#8221; global_colors_info=&#8221;{}&#8221;][\/et_pb_column][\/et_pb_row][\/et_pb_section][et_pb_section fb_built=&#8221;1&#8243; _builder_version=&#8221;4.16&#8243; custom_padding=&#8221;50px||0px|||&#8221; global_colors_info=&#8221;{}&#8221;][et_pb_row _builder_version=&#8221;4.24.2&#8243; custom_padding=&#8221;0px||0px||true|false&#8221; border_width_top=&#8221;10px&#8221; border_color_top=&#8221;#30C57A&#8221; global_colors_info=&#8221;{}&#8221;][et_pb_column type=&#8221;4_4&#8243; _builder_version=&#8221;4.16&#8243; global_colors_info=&#8221;{}&#8221;][et_pb_text module_class=&#8221;dct_title_v3&#8243; _builder_version=&#8221;4.27.4&#8243; text_font=&#8221;||||||||&#8221; header_4_font=&#8221;||||||||&#8221; custom_margin=&#8221;15px||15px||false|false&#8221; global_colors_info=&#8221;{}&#8221;]<\/p>\n<h2>Further reading<\/h2>\n<p>[\/et_pb_text][\/et_pb_column][\/et_pb_row][et_pb_row use_custom_gutter=&#8221;on&#8221; gutter_width=&#8221;2&#8243; make_equal=&#8221;on&#8221; _builder_version=&#8221;4.16&#8243; custom_padding=&#8221;0px||||false|false&#8221; global_colors_info=&#8221;{}&#8221;][et_pb_column type=&#8221;4_4&#8243; _builder_version=&#8221;4.16&#8243; global_colors_info=&#8221;{}&#8221;][et_pb_blog fullwidth=&#8221;off&#8221; posts_number=&#8221;3&#8243; include_categories=&#8221;555&#8243; meta_date=&#8221;j.n.Y&#8221; excerpt_length=&#8221;120&#8243; show_author=&#8221;off&#8221; show_excerpt=&#8221;off&#8221; show_pagination=&#8221;off&#8221; use_overlay=&#8221;on&#8221; hover_icon=&#8221;&#xe0ec;||divi||400&#8243; module_class=&#8221;dct_blog_v4&#8243; _builder_version=&#8221;4.24.2&#8243; header_font=&#8221;||||||||&#8221; meta_font=&#8221;||||||||&#8221; read_more_font=&#8221;||||||||&#8221; custom_padding=&#8221;||2vw||false|false&#8221; global_colors_info=&#8221;{}&#8221;][\/et_pb_blog][\/et_pb_column][\/et_pb_row][\/et_pb_section]<\/p>\n","protected":false},"excerpt":{"rendered":"<p>Market AnalysisSITUATION The client was transitioning into a new B2B business segment and wanted a comprehensive analysis of the market structure, customers, competitors, demand, and service pricing to support their go-to-market planning. This involved industrial services with a long sales cycle, lasting up to several years. OBJECTIVE To become one of Finland&#8217;s Top 3 players [&hellip;]<\/p>\n","protected":false},"author":4,"featured_media":0,"parent":7783,"menu_order":0,"comment_status":"closed","ping_status":"closed","template":"","meta":{"_acf_changed":false,"_et_pb_use_builder":"on","_et_pb_old_content":"<p>[et_pb_section fb_built=\"1\" _builder_version=\"4.24.2\" background_color=\"rgba(0,0,0,0.69)\" background_image=\"https:\/\/konsulttiverkko.fi\/wp-content\/uploads\/2024\/04\/Selvitys-II-scaled.jpg\" background_position=\"top_left\" background_blend=\"overlay\" custom_padding=\"30px||30px||true|false\" background_last_edited=\"on|desktop\" background_image_tablet=\"https:\/\/konsulttiverkko.fi\/wp-content\/uploads\/2021\/02\/Konsulttiverkko_Palvelumme_mobiili_1280x570px-1.jpg\" background_image_phone=\"https:\/\/konsulttiverkko.fi\/wp-content\/uploads\/2021\/02\/Konsulttiverkko_Palvelumme_mobiili_1280x570px-1.jpg\" background_enable_image_tablet=\"on\" background_enable_image_phone=\"on\" parallax_tablet=\"off\" parallax_phone=\"off\" background_position_tablet=\"top_right\" global_colors_info=\"{}\"][et_pb_row use_custom_gutter=\"on\" gutter_width=\"2\" make_equal=\"on\" _builder_version=\"4.16\" global_colors_info=\"{}\"][et_pb_column type=\"4_4\" _builder_version=\"4.16\" global_colors_info=\"{}\"][et_pb_text module_class=\"dct_m_header\" _builder_version=\"4.24.2\" text_font=\"Poppins||||||||\" header_font=\"Poppins||||||||\" header_letter_spacing=\"1px\" header_line_height=\"1.1em\" header_2_font=\"|600||on|||||\" header_2_text_color=\"#FFFFFF\" header_2_font_size=\"40px\" header_2_letter_spacing=\"1px\" header_2_line_height=\"2em\" header_2_font_size_tablet=\"40px\" header_2_font_size_phone=\"25px\" header_2_font_size_last_edited=\"on|phone\" global_colors_info=\"{}\"]<\/p><h2>Markkinaselvitys\u00a0<\/h2><p>[\/et_pb_text][\/et_pb_column][\/et_pb_row][\/et_pb_section][et_pb_section fb_built=\"1\" _builder_version=\"4.24.2\" _module_preset=\"default\" global_colors_info=\"{}\"][et_pb_row column_structure=\"3_5,2_5\" _builder_version=\"4.24.2\" _module_preset=\"default\" global_colors_info=\"{}\"][et_pb_column type=\"3_5\" _builder_version=\"4.24.2\" _module_preset=\"default\" global_colors_info=\"{}\"][et_pb_text _builder_version=\"4.24.2\" _module_preset=\"default\" global_colors_info=\"{}\"]<\/p><h5>TILANNE<\/h5><p>Asiakas on siirtym\u00e4ss\u00e4 uuteen B2B-liiketoimintasegmenttiin ja halusi go-to market suunnittelun tueksi kattavan selvityksen markkinan rakenteesta, asiakkaista, kilpailijoista, kysynn\u00e4st\u00e4 ja palvelujen hintatasosta. Kyseess\u00e4 on teolliset palvelut, joiden myyntisykli on pitk\u00e4, jopa vuosia.<\/p><h5>TAVOITETILA<\/h5><p>Nousu Suomen Top3 toimijaksi kapeassa teollisuuden palvelujen segmentiss\u00e4 oman myynnin ja mahdollisen ep\u00e4orgaanisen kasvun kautta. Markkinaselvitys antoi konkretiaa miss\u00e4 toimialoissa ja palveluissa t\u00e4m\u00e4 on aidosti mahdollista seuraavien 3-5 vuoden s\u00e4teell, alalla, jossa myyntisykli on tyypillisesti noiden vuoden.<\/p><h5>KUINKA KONSULTTIVERKKO AUTTOI?<\/h5><p>Konsulttiverkko tuki yhti\u00f6n johtoa markkina-analyysin l\u00e4pivienniss\u00e4 ja strategisten oppojen tunnistamisessa aiemmin mainituista n\u00e4k\u00f6kulmasta. Ty\u00f6ss\u00e4 hy\u00f6dynnettiin monipuolisia menetelmi\u00e4.<\/p><h5>TULOKSET<\/h5><p>Lopputuloksena asiakkaalla oli kattava n\u00e4kemys markkinasta kokonaiskysynn\u00e4st\u00e4 yksityiskohtaisiin prospekteihin asti dokumentoituna Excel-ty\u00f6kaluksi. Ty\u00f6kalun ohella tuloksia esiteltiin yhti\u00f6n johtoryhm\u00e4ss\u00e4. Asiakas hy\u00f6dynsi tuloksia my\u00f6hemmin sis\u00e4isiss\u00e4 go-to market suunnittelun ty\u00f6pajoissa, joissa toimialat ja opot vastuutettiin konkreettisesti liiketoimintap\u00e4\u00e4llik\u00f6ille.<\/p><p>[\/et_pb_text][\/et_pb_column][et_pb_column type=\"2_5\" _builder_version=\"4.24.2\" _module_preset=\"default\" global_colors_info=\"{}\"][\/et_pb_column][\/et_pb_row][\/et_pb_section][et_pb_section fb_built=\"1\" _builder_version=\"4.16\" custom_padding=\"50px||0px|||\" global_colors_info=\"{}\"][et_pb_row _builder_version=\"4.24.2\" custom_padding=\"0px||0px||true|false\" border_width_top=\"10px\" border_color_top=\"#30C57A\" global_colors_info=\"{}\"][et_pb_column type=\"4_4\" _builder_version=\"4.16\" global_colors_info=\"{}\"][et_pb_text module_class=\"dct_title_v3\" _builder_version=\"4.24.2\" text_font=\"||||||||\" header_4_font=\"||||||||\" custom_margin=\"15px||15px||false|false\" hover_enabled=\"0\" global_colors_info=\"{}\" sticky_enabled=\"0\"]<\/p><h2>Aiheeseen liittyv\u00e4t artikkelit<\/h2><p>[\/et_pb_text][\/et_pb_column][\/et_pb_row][et_pb_row use_custom_gutter=\"on\" gutter_width=\"2\" make_equal=\"on\" _builder_version=\"4.16\" custom_padding=\"0px||||false|false\" global_colors_info=\"{}\"][et_pb_column type=\"4_4\" _builder_version=\"4.16\" global_colors_info=\"{}\"][et_pb_blog fullwidth=\"off\" posts_number=\"3\" meta_date=\"j.n.Y\" excerpt_length=\"120\" show_author=\"off\" show_excerpt=\"off\" show_pagination=\"off\" use_overlay=\"on\" hover_icon=\"\ue0ec||divi||400\" module_class=\"dct_blog_v4\" _builder_version=\"4.24.2\" header_font=\"||||||||\" meta_font=\"||||||||\" read_more_font=\"||||||||\" custom_padding=\"||2vw||false|false\" hover_enabled=\"0\" global_colors_info=\"{}\" include_categories=\"555\" sticky_enabled=\"0\"][\/et_pb_blog][\/et_pb_column][\/et_pb_row][\/et_pb_section]<\/p>","_et_gb_content_width":"","inline_featured_image":false,"footnotes":""},"class_list":["post-7803","page","type-page","status-publish","hentry"],"acf":[],"_links":{"self":[{"href":"https:\/\/konsulttiverkko.fi\/en\/wp-json\/wp\/v2\/pages\/7803","targetHints":{"allow":["GET"]}}],"collection":[{"href":"https:\/\/konsulttiverkko.fi\/en\/wp-json\/wp\/v2\/pages"}],"about":[{"href":"https:\/\/konsulttiverkko.fi\/en\/wp-json\/wp\/v2\/types\/page"}],"author":[{"embeddable":true,"href":"https:\/\/konsulttiverkko.fi\/en\/wp-json\/wp\/v2\/users\/4"}],"replies":[{"embeddable":true,"href":"https:\/\/konsulttiverkko.fi\/en\/wp-json\/wp\/v2\/comments?post=7803"}],"version-history":[{"count":7,"href":"https:\/\/konsulttiverkko.fi\/en\/wp-json\/wp\/v2\/pages\/7803\/revisions"}],"predecessor-version":[{"id":8255,"href":"https:\/\/konsulttiverkko.fi\/en\/wp-json\/wp\/v2\/pages\/7803\/revisions\/8255"}],"up":[{"embeddable":true,"href":"https:\/\/konsulttiverkko.fi\/en\/wp-json\/wp\/v2\/pages\/7783"}],"wp:attachment":[{"href":"https:\/\/konsulttiverkko.fi\/en\/wp-json\/wp\/v2\/media?parent=7803"}],"curies":[{"name":"wp","href":"https:\/\/api.w.org\/{rel}","templated":true}]}}