{"id":7804,"date":"2025-10-21T14:11:08","date_gmt":"2025-10-21T11:11:08","guid":{"rendered":"https:\/\/konsulttiverkko.fi\/?page_id=7804"},"modified":"2025-10-21T14:11:08","modified_gmt":"2025-10-21T11:11:08","slug":"sales-development","status":"publish","type":"page","link":"https:\/\/konsulttiverkko.fi\/en\/services\/sales-development\/","title":{"rendered":"Sales Development"},"content":{"rendered":"<p>[et_pb_section fb_built=&#8221;1&#8243; _builder_version=&#8221;4.24.2&#8243; background_color=&#8221;rgba(0,0,0,0.69)&#8221; background_image=&#8221;https:\/\/konsulttiverkko.fi\/wp-content\/uploads\/2024\/04\/Myynnin-kehittaminen-otsikko-tarkentuu.jpg&#8221; background_position=&#8221;top_left&#8221; background_blend=&#8221;overlay&#8221; custom_padding=&#8221;30px||30px||true|false&#8221; background_last_edited=&#8221;on|desktop&#8221; background_image_tablet=&#8221;https:\/\/konsulttiverkko.fi\/wp-content\/uploads\/2021\/02\/Konsulttiverkko_Palvelumme_mobiili_1280x570px-1.jpg&#8221; background_image_phone=&#8221;https:\/\/konsulttiverkko.fi\/wp-content\/uploads\/2021\/02\/Konsulttiverkko_Palvelumme_mobiili_1280x570px-1.jpg&#8221; background_enable_image_tablet=&#8221;on&#8221; background_enable_image_phone=&#8221;on&#8221; parallax_tablet=&#8221;off&#8221; parallax_phone=&#8221;off&#8221; background_position_tablet=&#8221;top_right&#8221; global_colors_info=&#8221;{}&#8221;][et_pb_row use_custom_gutter=&#8221;on&#8221; gutter_width=&#8221;2&#8243; make_equal=&#8221;on&#8221; _builder_version=&#8221;4.16&#8243; global_colors_info=&#8221;{}&#8221;][et_pb_column type=&#8221;4_4&#8243; _builder_version=&#8221;4.16&#8243; global_colors_info=&#8221;{}&#8221;][et_pb_text module_class=&#8221;dct_m_header&#8221; _builder_version=&#8221;4.27.4&#8243; text_font=&#8221;Poppins||||||||&#8221; header_font=&#8221;Poppins||||||||&#8221; header_letter_spacing=&#8221;1px&#8221; header_line_height=&#8221;1.1em&#8221; header_2_font=&#8221;|600||on|||||&#8221; header_2_text_color=&#8221;#FFFFFF&#8221; header_2_font_size=&#8221;40px&#8221; header_2_letter_spacing=&#8221;1px&#8221; header_2_line_height=&#8221;2em&#8221; header_2_font_size_tablet=&#8221;40px&#8221; header_2_font_size_phone=&#8221;25px&#8221; header_2_font_size_last_edited=&#8221;on|phone&#8221; global_colors_info=&#8221;{}&#8221;]<\/p>\n<h2>Sales Development<\/h2>\n<p>[\/et_pb_text][\/et_pb_column][\/et_pb_row][\/et_pb_section][et_pb_section fb_built=&#8221;1&#8243; _builder_version=&#8221;4.24.2&#8243; _module_preset=&#8221;default&#8221; global_colors_info=&#8221;{}&#8221;][et_pb_row column_structure=&#8221;3_5,2_5&#8243; _builder_version=&#8221;4.24.2&#8243; _module_preset=&#8221;default&#8221; global_colors_info=&#8221;{}&#8221;][et_pb_column type=&#8221;3_5&#8243; _builder_version=&#8221;4.24.2&#8243; _module_preset=&#8221;default&#8221; global_colors_info=&#8221;{}&#8221;][et_pb_text _builder_version=&#8221;4.27.4&#8243; _module_preset=&#8221;default&#8221; global_colors_info=&#8221;{}&#8221;]SITUATION<br \/>\nThe client company&#8217;s sales processes were slow and complex. Requests for proposals (RFPs) were handled in a scattered and inconsistent manner across different teams, which led to long throughput times and an accumulation of work in progress. The collaboration between expert teams was lacking, which diminished sales efficiency and the customer experience.<\/p>\n<p>OBJECTIVE<br \/>\nThe client company sought to improve its sales processes using Lean methods, aiming to shorten the throughput time, enhance the service level, and increase the hit rate. A key goal was to create a cohesive and rapid sales process that would support effective teamwork.<\/p>\n<p>HOW DID KONSULTTIVERKKO HELP?<br \/>\nKonsulttiverkko reformed the client&#8217;s sales processes by utilizing Lean methodology. Together, we analyzed the current processes and identified the key areas for development. Based on this, we created a new, concise sales operating model where experts work together systematically from start to finish, eliminating unnecessary work phases and delays.<\/p>\n<p>RESULTS<br \/>\nWith the renewed sales operating model, the proposal throughput time was halved, the service level improved by over 60%, and the hit rate nearly doubled. The company achieved significant improvements in sales efficiency and customer satisfaction, which in turn strengthened the company&#8217;s market position and competitiveness.[\/et_pb_text][\/et_pb_column][et_pb_column type=&#8221;2_5&#8243; _builder_version=&#8221;4.24.2&#8243; _module_preset=&#8221;default&#8221; global_colors_info=&#8221;{}&#8221;][\/et_pb_column][\/et_pb_row][\/et_pb_section][et_pb_section fb_built=&#8221;1&#8243; _builder_version=&#8221;4.16&#8243; custom_padding=&#8221;50px||0px|||&#8221; collapsed=&#8221;off&#8221; global_colors_info=&#8221;{}&#8221;][et_pb_row _builder_version=&#8221;4.24.2&#8243; custom_padding=&#8221;0px||0px||true|false&#8221; border_width_top=&#8221;10px&#8221; border_color_top=&#8221;#30C57A&#8221; collapsed=&#8221;off&#8221; global_colors_info=&#8221;{}&#8221;][et_pb_column type=&#8221;4_4&#8243; _builder_version=&#8221;4.16&#8243; global_colors_info=&#8221;{}&#8221;][et_pb_text module_class=&#8221;dct_title_v3&#8243; _builder_version=&#8221;4.27.4&#8243; text_font=&#8221;||||||||&#8221; header_4_font=&#8221;||||||||&#8221; custom_margin=&#8221;15px||15px||false|false&#8221; global_colors_info=&#8221;{}&#8221;]<\/p>\n<h2>Further reading<\/h2>\n<p>[\/et_pb_text][\/et_pb_column][\/et_pb_row][et_pb_row use_custom_gutter=&#8221;on&#8221; gutter_width=&#8221;2&#8243; make_equal=&#8221;on&#8221; _builder_version=&#8221;4.16&#8243; custom_padding=&#8221;0px||||false|false&#8221; global_colors_info=&#8221;{}&#8221;][et_pb_column type=&#8221;4_4&#8243; _builder_version=&#8221;4.16&#8243; global_colors_info=&#8221;{}&#8221;][et_pb_blog fullwidth=&#8221;off&#8221; posts_number=&#8221;3&#8243; include_categories=&#8221;26,279&#8243; meta_date=&#8221;j.n.Y&#8221; excerpt_length=&#8221;120&#8243; show_author=&#8221;off&#8221; show_excerpt=&#8221;off&#8221; show_pagination=&#8221;off&#8221; use_overlay=&#8221;on&#8221; hover_icon=&#8221;&#xe0ec;||divi||400&#8243; module_class=&#8221;dct_blog_v4&#8243; _builder_version=&#8221;4.24.2&#8243; header_font=&#8221;||||||||&#8221; meta_font=&#8221;||||||||&#8221; read_more_font=&#8221;||||||||&#8221; custom_padding=&#8221;||2vw||false|false&#8221; global_colors_info=&#8221;{}&#8221;][\/et_pb_blog][\/et_pb_column][\/et_pb_row][\/et_pb_section]<\/p>\n","protected":false},"excerpt":{"rendered":"<p>Sales DevelopmentSITUATION The client company&#8217;s sales processes were slow and complex. Requests for proposals (RFPs) were handled in a scattered and inconsistent manner across different teams, which led to long throughput times and an accumulation of work in progress. The collaboration between expert teams was lacking, which diminished sales efficiency and the customer experience. OBJECTIVE [&hellip;]<\/p>\n","protected":false},"author":4,"featured_media":0,"parent":7783,"menu_order":0,"comment_status":"closed","ping_status":"closed","template":"","meta":{"_acf_changed":false,"_et_pb_use_builder":"on","_et_pb_old_content":"<p>[et_pb_section fb_built=\"1\" _builder_version=\"4.24.2\" background_color=\"rgba(0,0,0,0.69)\" background_image=\"https:\/\/konsulttiverkko.fi\/wp-content\/uploads\/2024\/04\/Myynnin-kehittaminen-otsikko-tarkentuu.jpg\" background_position=\"top_left\" background_blend=\"overlay\" custom_padding=\"30px||30px||true|false\" background_last_edited=\"on|desktop\" background_image_tablet=\"https:\/\/konsulttiverkko.fi\/wp-content\/uploads\/2021\/02\/Konsulttiverkko_Palvelumme_mobiili_1280x570px-1.jpg\" background_image_phone=\"https:\/\/konsulttiverkko.fi\/wp-content\/uploads\/2021\/02\/Konsulttiverkko_Palvelumme_mobiili_1280x570px-1.jpg\" background_enable_image_tablet=\"on\" background_enable_image_phone=\"on\" parallax_tablet=\"off\" parallax_phone=\"off\" background_position_tablet=\"top_right\" global_colors_info=\"{}\"][et_pb_row use_custom_gutter=\"on\" gutter_width=\"2\" make_equal=\"on\" _builder_version=\"4.16\" global_colors_info=\"{}\"][et_pb_column type=\"4_4\" _builder_version=\"4.16\" global_colors_info=\"{}\"][et_pb_text module_class=\"dct_m_header\" _builder_version=\"4.24.2\" text_font=\"Poppins||||||||\" header_font=\"Poppins||||||||\" header_letter_spacing=\"1px\" header_line_height=\"1.1em\" header_2_font=\"|600||on|||||\" header_2_text_color=\"#FFFFFF\" header_2_font_size=\"40px\" header_2_letter_spacing=\"1px\" header_2_line_height=\"2em\" hover_enabled=\"0\" header_2_font_size_tablet=\"40px\" header_2_font_size_phone=\"25px\" header_2_font_size_last_edited=\"on|phone\" global_colors_info=\"{}\" sticky_enabled=\"0\"]<\/p><h2>Myynnin kehitt\u00e4minen<\/h2><p>[\/et_pb_text][\/et_pb_column][\/et_pb_row][\/et_pb_section][et_pb_section fb_built=\"1\" _builder_version=\"4.24.2\" _module_preset=\"default\" global_colors_info=\"{}\"][et_pb_row column_structure=\"3_5,2_5\" _builder_version=\"4.24.2\" _module_preset=\"default\" global_colors_info=\"{}\"][et_pb_column type=\"3_5\" _builder_version=\"4.24.2\" _module_preset=\"default\" global_colors_info=\"{}\"][et_pb_text _builder_version=\"4.24.2\" _module_preset=\"default\" hover_enabled=\"0\" global_colors_info=\"{}\" sticky_enabled=\"0\"]<\/p><p>TILANNE<br \/>Asiakasyrityksen myyntiprosessit olivat hitaita ja monimutkaisia. Tarjouspyynt\u00f6j\u00e4 k\u00e4siteltiin hajanaisesti ja ep\u00e4yhten\u00e4isesti eri tiimeiss\u00e4, mik\u00e4 johti pitkiin l\u00e4pimenoaikoihin ja keskener\u00e4isen ty\u00f6n kasaantumiseen. Asiantuntijatiimien v\u00e4linen yhteisty\u00f6 oli puutteellista, mik\u00e4 heikensi myynnin tehokkuutta ja asiakaskokemusta.<\/p><p>TAVOITETILA<br \/>Asiakasyritys pyrki parantamaan myynnin prosessejaan Lean-menetelmien avulla, tavoitteena lyhent\u00e4\u00e4 l\u00e4pimenoaikaa, parantaa palveluastetta ja nostaa hit ratea. Keskeisen\u00e4 tavoitteena oli luoda yhten\u00e4inen ja nopea myynnin prosessi, joka tukisi tehokasta tiimity\u00f6t\u00e4.<\/p><p>KUINKA KONSULTTIVERKKO AUTTOI?<br \/>Konsulttiverkko uudisti asiakkaan myyntiprosessit hy\u00f6dynt\u00e4en Lean-metodologiaa. Analysoimme yhdess\u00e4 nykyiset prosessit ja tunnistimme keskeiset kehityskohteet. T\u00e4m\u00e4n pohjalta loimme uuden, tiiviisti myynnin toimintamallin, jossa asiantuntijat ty\u00f6skentelev\u00e4t yhdess\u00e4 systemaattisesti alusta loppuun asti eliminoiden tarpeettomat ty\u00f6vaiheet ja viiveet.<\/p><p>TULOKSET<br \/>Uudistetun myynnin toimintamallin my\u00f6t\u00e4 tarjousten l\u00e4pimenoaika puolittui, palveluaste parani yli 60 % ja hit rate liki kaksinkertaistui. Yritys saavutti merkitt\u00e4vi\u00e4 parannuksia myynnin tehokkuudessa ja asiakastyytyv\u00e4isyydess\u00e4, mik\u00e4 puolestaan vahvisti yrityksen markkina-asemaa ja kilpailukyky\u00e4.<\/p><p>[\/et_pb_text][\/et_pb_column][et_pb_column type=\"2_5\" _builder_version=\"4.24.2\" _module_preset=\"default\" global_colors_info=\"{}\"][\/et_pb_column][\/et_pb_row][\/et_pb_section][et_pb_section fb_built=\"1\" _builder_version=\"4.16\" custom_padding=\"50px||0px|||\" hover_enabled=\"0\" collapsed=\"off\" global_colors_info=\"{}\" sticky_enabled=\"0\"][et_pb_row _builder_version=\"4.24.2\" custom_padding=\"0px||0px||true|false\" hover_enabled=\"0\" border_width_top=\"10px\" border_color_top=\"#30C57A\" collapsed=\"off\" global_colors_info=\"{}\" sticky_enabled=\"0\"][et_pb_column type=\"4_4\" _builder_version=\"4.16\" hover_enabled=\"0\" global_colors_info=\"{}\" sticky_enabled=\"0\"][et_pb_text module_class=\"dct_title_v3\" _builder_version=\"4.24.2\" text_font=\"||||||||\" header_4_font=\"||||||||\" custom_margin=\"15px||15px||false|false\" hover_enabled=\"0\" global_colors_info=\"{}\" sticky_enabled=\"0\"]<\/p><h2>Aiheeseen liittyv\u00e4t artikkelit<\/h2><p>[\/et_pb_text][\/et_pb_column][\/et_pb_row][et_pb_row use_custom_gutter=\"on\" gutter_width=\"2\" make_equal=\"on\" _builder_version=\"4.16\" custom_padding=\"0px||||false|false\" hover_enabled=\"0\" global_colors_info=\"{}\" sticky_enabled=\"0\"][et_pb_column type=\"4_4\" _builder_version=\"4.16\" hover_enabled=\"0\" global_colors_info=\"{}\" sticky_enabled=\"0\"][et_pb_blog fullwidth=\"off\" posts_number=\"3\" include_categories=\"26,279\" meta_date=\"j.n.Y\" excerpt_length=\"120\" show_author=\"off\" show_excerpt=\"off\" show_pagination=\"off\" use_overlay=\"on\" hover_icon=\"\ue0ec||divi||400\" module_class=\"dct_blog_v4\" _builder_version=\"4.24.2\" header_font=\"||||||||\" meta_font=\"||||||||\" read_more_font=\"||||||||\" custom_padding=\"||2vw||false|false\" hover_enabled=\"0\" global_colors_info=\"{}\" sticky_enabled=\"0\"][\/et_pb_blog][\/et_pb_column][\/et_pb_row][\/et_pb_section]<\/p>","_et_gb_content_width":"","inline_featured_image":false,"footnotes":""},"class_list":["post-7804","page","type-page","status-publish","hentry"],"acf":[],"_links":{"self":[{"href":"https:\/\/konsulttiverkko.fi\/en\/wp-json\/wp\/v2\/pages\/7804","targetHints":{"allow":["GET"]}}],"collection":[{"href":"https:\/\/konsulttiverkko.fi\/en\/wp-json\/wp\/v2\/pages"}],"about":[{"href":"https:\/\/konsulttiverkko.fi\/en\/wp-json\/wp\/v2\/types\/page"}],"author":[{"embeddable":true,"href":"https:\/\/konsulttiverkko.fi\/en\/wp-json\/wp\/v2\/users\/4"}],"replies":[{"embeddable":true,"href":"https:\/\/konsulttiverkko.fi\/en\/wp-json\/wp\/v2\/comments?post=7804"}],"version-history":[{"count":7,"href":"https:\/\/konsulttiverkko.fi\/en\/wp-json\/wp\/v2\/pages\/7804\/revisions"}],"predecessor-version":[{"id":8247,"href":"https:\/\/konsulttiverkko.fi\/en\/wp-json\/wp\/v2\/pages\/7804\/revisions\/8247"}],"up":[{"embeddable":true,"href":"https:\/\/konsulttiverkko.fi\/en\/wp-json\/wp\/v2\/pages\/7783"}],"wp:attachment":[{"href":"https:\/\/konsulttiverkko.fi\/en\/wp-json\/wp\/v2\/media?parent=7804"}],"curies":[{"name":"wp","href":"https:\/\/api.w.org\/{rel}","templated":true}]}}