{"id":7805,"date":"2025-10-14T12:20:16","date_gmt":"2025-10-14T09:20:16","guid":{"rendered":"https:\/\/konsulttiverkko.fi\/?page_id=7805"},"modified":"2025-10-21T14:11:07","modified_gmt":"2025-10-21T11:11:07","slug":"potential-of-demand-response-in-energy-optimization","status":"publish","type":"page","link":"https:\/\/konsulttiverkko.fi\/en\/services\/potential-of-demand-response-in-energy-optimization\/","title":{"rendered":"Potential of Demand-side Flexibility in Energy Optimization"},"content":{"rendered":"<p>[et_pb_section fb_built=&#8221;1&#8243; _builder_version=&#8221;4.24.2&#8243; background_color=&#8221;rgba(0,0,0,0.69)&#8221; background_image=&#8221;https:\/\/konsulttiverkko.fi\/wp-content\/uploads\/2024\/04\/Kaukolammon-kysyntajouston-potentiaali.jpg&#8221; background_position=&#8221;top_left&#8221; background_blend=&#8221;overlay&#8221; custom_padding=&#8221;30px||30px||true|false&#8221; background_last_edited=&#8221;on|desktop&#8221; background_image_tablet=&#8221;https:\/\/konsulttiverkko.fi\/wp-content\/uploads\/2021\/02\/Konsulttiverkko_Palvelumme_mobiili_1280x570px-1.jpg&#8221; background_image_phone=&#8221;https:\/\/konsulttiverkko.fi\/wp-content\/uploads\/2021\/02\/Konsulttiverkko_Palvelumme_mobiili_1280x570px-1.jpg&#8221; background_enable_image_tablet=&#8221;on&#8221; background_enable_image_phone=&#8221;on&#8221; parallax_tablet=&#8221;off&#8221; parallax_phone=&#8221;off&#8221; background_position_tablet=&#8221;top_right&#8221; global_colors_info=&#8221;{}&#8221;][et_pb_row use_custom_gutter=&#8221;on&#8221; gutter_width=&#8221;2&#8243; make_equal=&#8221;on&#8221; _builder_version=&#8221;4.16&#8243; global_colors_info=&#8221;{}&#8221;][et_pb_column type=&#8221;4_4&#8243; _builder_version=&#8221;4.16&#8243; global_colors_info=&#8221;{}&#8221;][et_pb_text module_class=&#8221;dct_m_header&#8221; _builder_version=&#8221;4.27.4&#8243; text_font=&#8221;Poppins||||||||&#8221; header_font=&#8221;Poppins||||||||&#8221; header_letter_spacing=&#8221;1px&#8221; header_line_height=&#8221;1.1em&#8221; header_2_font=&#8221;|600||on|||||&#8221; header_2_text_color=&#8221;#FFFFFF&#8221; header_2_font_size=&#8221;40px&#8221; header_2_letter_spacing=&#8221;1px&#8221; header_2_line_height=&#8221;2em&#8221; header_2_font_size_tablet=&#8221;40px&#8221; header_2_font_size_phone=&#8221;25px&#8221; header_2_font_size_last_edited=&#8221;on|phone&#8221; global_colors_info=&#8221;{}&#8221;]<\/p>\n<h2>Potential of Demand Response in Energy Optimization<\/h2>\n<p>[\/et_pb_text][\/et_pb_column][\/et_pb_row][\/et_pb_section][et_pb_section fb_built=&#8221;1&#8243; _builder_version=&#8221;4.24.2&#8243; _module_preset=&#8221;default&#8221; global_colors_info=&#8221;{}&#8221;][et_pb_row column_structure=&#8221;3_5,2_5&#8243; _builder_version=&#8221;4.24.2&#8243; _module_preset=&#8221;default&#8221; global_colors_info=&#8221;{}&#8221;][et_pb_column type=&#8221;3_5&#8243; _builder_version=&#8221;4.24.2&#8243; _module_preset=&#8221;default&#8221; global_colors_info=&#8221;{}&#8221;][et_pb_text _builder_version=&#8221;4.27.4&#8243; _module_preset=&#8221;default&#8221; global_colors_info=&#8221;{}&#8221;]<\/p>\n<p>SITUATION<br \/>The company is a city-owned energy company whose clientele consists of housing companies, commercial properties, and industrial plants. The company&#8217;s goal is to develop customer-centric and innovative services that help save energy and reduce the use of fossil fuels in energy production.<\/p>\n<p>OBJECTIVE<br \/>In addition to electricity and heating, the company offers energy optimization solutions. In the company&#8217;s target state, smart solutions are utilized throughout the entire customer base and service areas. Implementation has progressed significantly with the help of pilot projects.<\/p>\n<p>HOW DID KONSULTTIVERKKO HELP?<br \/>Together with the company&#8217;s key personnel, we evaluated the potential of smart energy solutions, especially in demand response, and provided recommendations for productization, taking into account the needs and opportunities of different customer segments. The potential assessment was based on meticulous customer interviews, comprehensive data-driven analysis, and the evaluation of future scenarios.<\/p>\n<p>RESULTS<br \/>The company now has a clear and feasible business plan focusing on leveraging the potential of demand-side flexibility as part of its energy optimization services.<\/p>\n<p>[\/et_pb_text][\/et_pb_column][et_pb_column type=&#8221;2_5&#8243; _builder_version=&#8221;4.24.2&#8243; _module_preset=&#8221;default&#8221; global_colors_info=&#8221;{}&#8221;][\/et_pb_column][\/et_pb_row][\/et_pb_section][et_pb_section fb_built=&#8221;1&#8243; _builder_version=&#8221;4.16&#8243; custom_padding=&#8221;50px||0px|||&#8221; global_colors_info=&#8221;{}&#8221;][et_pb_row _builder_version=&#8221;4.24.2&#8243; custom_padding=&#8221;0px||0px||true|false&#8221; border_width_top=&#8221;10px&#8221; border_color_top=&#8221;#30C57A&#8221; global_colors_info=&#8221;{}&#8221;][et_pb_column type=&#8221;4_4&#8243; _builder_version=&#8221;4.16&#8243; global_colors_info=&#8221;{}&#8221;][et_pb_text module_class=&#8221;dct_title_v3&#8243; _builder_version=&#8221;4.27.4&#8243; text_font=&#8221;||||||||&#8221; header_4_font=&#8221;||||||||&#8221; custom_margin=&#8221;15px||15px||false|false&#8221; global_colors_info=&#8221;{}&#8221;]<\/p>\n<h2>Further reading<\/h2>\n<p>[\/et_pb_text][\/et_pb_column][\/et_pb_row][et_pb_row use_custom_gutter=&#8221;on&#8221; gutter_width=&#8221;2&#8243; make_equal=&#8221;on&#8221; _builder_version=&#8221;4.16&#8243; custom_padding=&#8221;0px||||false|false&#8221; global_colors_info=&#8221;{}&#8221;][et_pb_column type=&#8221;4_4&#8243; _builder_version=&#8221;4.16&#8243; global_colors_info=&#8221;{}&#8221;][et_pb_blog fullwidth=&#8221;off&#8221; posts_number=&#8221;3&#8243; include_categories=&#8221;551&#8243; meta_date=&#8221;j.n.Y&#8221; excerpt_length=&#8221;120&#8243; show_author=&#8221;off&#8221; show_excerpt=&#8221;off&#8221; show_pagination=&#8221;off&#8221; use_overlay=&#8221;on&#8221; hover_icon=&#8221;&#xe0ec;||divi||400&#8243; module_class=&#8221;dct_blog_v4&#8243; _builder_version=&#8221;4.24.2&#8243; header_font=&#8221;||||||||&#8221; meta_font=&#8221;||||||||&#8221; read_more_font=&#8221;||||||||&#8221; custom_padding=&#8221;||2vw||false|false&#8221; global_colors_info=&#8221;{}&#8221;][\/et_pb_blog][\/et_pb_column][\/et_pb_row][\/et_pb_section]<\/p>\n","protected":false},"excerpt":{"rendered":"<p>Potential of Demand Response in Energy OptimizationSITUATIONThe company is a city-owned energy company whose clientele consists of housing companies, commercial properties, and industrial plants. The company&#8217;s goal is to develop customer-centric and innovative services that help save energy and reduce the use of fossil fuels in energy production. OBJECTIVEIn addition to electricity and heating, the [&hellip;]<\/p>\n","protected":false},"author":4,"featured_media":5737,"parent":7783,"menu_order":0,"comment_status":"closed","ping_status":"closed","template":"","meta":{"_acf_changed":false,"_et_pb_use_builder":"on","_et_pb_old_content":"<p>[et_pb_section fb_built=\"1\" _builder_version=\"4.24.2\" background_color=\"rgba(0,0,0,0.69)\" background_image=\"https:\/\/konsulttiverkko.fi\/wp-content\/uploads\/2024\/04\/Kaukolammon-kysyntajouston-potentiaali.jpg\" background_position=\"top_left\" background_blend=\"overlay\" custom_padding=\"30px||30px||true|false\" background_last_edited=\"on|desktop\" background_image_tablet=\"https:\/\/konsulttiverkko.fi\/wp-content\/uploads\/2021\/02\/Konsulttiverkko_Palvelumme_mobiili_1280x570px-1.jpg\" background_image_phone=\"https:\/\/konsulttiverkko.fi\/wp-content\/uploads\/2021\/02\/Konsulttiverkko_Palvelumme_mobiili_1280x570px-1.jpg\" background_enable_image_tablet=\"on\" background_enable_image_phone=\"on\" parallax_tablet=\"off\" parallax_phone=\"off\" background_position_tablet=\"top_right\" global_colors_info=\"{}\"][et_pb_row use_custom_gutter=\"on\" gutter_width=\"2\" make_equal=\"on\" _builder_version=\"4.16\" global_colors_info=\"{}\"][et_pb_column type=\"4_4\" _builder_version=\"4.16\" global_colors_info=\"{}\"][et_pb_text module_class=\"dct_m_header\" _builder_version=\"4.24.2\" text_font=\"Poppins||||||||\" header_font=\"Poppins||||||||\" header_letter_spacing=\"1px\" header_line_height=\"1.1em\" header_2_font=\"|600||on|||||\" header_2_text_color=\"#FFFFFF\" header_2_font_size=\"40px\" header_2_letter_spacing=\"1px\" header_2_line_height=\"2em\" header_2_font_size_tablet=\"40px\" header_2_font_size_phone=\"25px\" header_2_font_size_last_edited=\"on|phone\" global_colors_info=\"{}\"]<\/p><h2>Selvitys kysynt\u00e4jouston potentiaalista energiaoptimoinnissa<\/h2><p>[\/et_pb_text][\/et_pb_column][\/et_pb_row][\/et_pb_section][et_pb_section fb_built=\"1\" _builder_version=\"4.24.2\" _module_preset=\"default\" global_colors_info=\"{}\"][et_pb_row column_structure=\"3_5,2_5\" _builder_version=\"4.24.2\" _module_preset=\"default\" global_colors_info=\"{}\"][et_pb_column type=\"3_5\" _builder_version=\"4.24.2\" _module_preset=\"default\" global_colors_info=\"{}\"][et_pb_text _builder_version=\"4.24.2\" _module_preset=\"default\" global_colors_info=\"{}\"]<\/p><h5>TILANNE<\/h5><p>Yhti\u00f6 on kaupunkiomisteinen energiayhti\u00f6, jonka asiakaskunta koostuu taloyhti\u00f6ist\u00e4, liikekiinteist\u00f6ist\u00e4 ja teollisuuslaitoksista. Yhti\u00f6n tavoitteena on kehitt\u00e4\u00e4 asiakasl\u00e4ht\u00f6isi\u00e4 ja innovatiivisia palveluja, jotka auttavat s\u00e4\u00e4st\u00e4m\u00e4\u00e4n energiaa sek\u00e4 v\u00e4hent\u00e4m\u00e4\u00e4n fossiilisten polttoaineiden k\u00e4ytt\u00f6\u00e4 energiantuotannossa.<\/p><h5>TAVOITETILA<\/h5><p>Yhti\u00f6 tarjoaa s\u00e4hk\u00f6n ja l\u00e4mm\u00f6n lis\u00e4ksi energiaoptimoinnin ratkaisuja. Yhti\u00f6n tavoitetilassa \u00e4lykk\u00e4\u00e4t ratkaisut ovat k\u00e4yt\u00f6ss\u00e4 kaikkialla asiakaskunnassa ja toimialueilla. K\u00e4ytt\u00f6\u00f6notto on edistynyt merkitt\u00e4v\u00e4sti pilottiprojektien avulla.<\/p><h5>KUINKA KONSULTTIVERKKO AUTTOI?<\/h5><p>Yhdess\u00e4 yhti\u00f6n avainhenkil\u00f6iden kanssa arvioimme \u00e4lykk\u00e4iden energiaratkaisujen potentiaalin erityisesti kysynt\u00e4joustossa, sek\u00e4 toimme t\u00e4h\u00e4n liittyvi\u00e4 suosituksia tuotteistamiselle huomioiden erilaisten asiakassegmenttien tarpeet ja mahdollisuudet. Potentiaalin arviointi perustui huolellisiin asiakashaastatteluihin ja kattavaan dataperustaiseen analyysiin sek\u00e4 tulevaisuuden skenaarioiden arviointiin.<\/p><h5>TULOKSET<\/h5><p>Yhti\u00f6ll\u00e4 on nyt selke\u00e4 ja toteuttamiskelpoinen liiketoimintasuunnitelma, joka keskittyy kysynt\u00e4jouston potentiaalin hy\u00f6dynt\u00e4miseen osana energiaoptimoinnin palveluita.<\/p><p>[\/et_pb_text][\/et_pb_column][et_pb_column type=\"2_5\" _builder_version=\"4.24.2\" _module_preset=\"default\" global_colors_info=\"{}\"][\/et_pb_column][\/et_pb_row][\/et_pb_section][et_pb_section fb_built=\"1\" _builder_version=\"4.16\" custom_padding=\"50px||0px|||\" global_colors_info=\"{}\"][et_pb_row _builder_version=\"4.24.2\" custom_padding=\"0px||0px||true|false\" border_width_top=\"10px\" border_color_top=\"#30C57A\" global_colors_info=\"{}\"][et_pb_column type=\"4_4\" _builder_version=\"4.16\" global_colors_info=\"{}\"][et_pb_text module_class=\"dct_title_v3\" _builder_version=\"4.24.2\" text_font=\"||||||||\" header_4_font=\"||||||||\" custom_margin=\"15px||15px||false|false\" hover_enabled=\"0\" global_colors_info=\"{}\" sticky_enabled=\"0\"]<\/p><h2>Aiheeseen liittyv\u00e4t artikkelit<\/h2><p>[\/et_pb_text][\/et_pb_column][\/et_pb_row][et_pb_row use_custom_gutter=\"on\" gutter_width=\"2\" make_equal=\"on\" _builder_version=\"4.16\" custom_padding=\"0px||||false|false\" global_colors_info=\"{}\"][et_pb_column type=\"4_4\" _builder_version=\"4.16\" global_colors_info=\"{}\"][et_pb_blog fullwidth=\"off\" posts_number=\"3\" meta_date=\"j.n.Y\" excerpt_length=\"120\" show_author=\"off\" show_excerpt=\"off\" show_pagination=\"off\" use_overlay=\"on\" hover_icon=\"\ue0ec||divi||400\" module_class=\"dct_blog_v4\" _builder_version=\"4.24.2\" header_font=\"||||||||\" meta_font=\"||||||||\" read_more_font=\"||||||||\" custom_padding=\"||2vw||false|false\" hover_enabled=\"0\" global_colors_info=\"{}\" include_categories=\"551\" sticky_enabled=\"0\"][\/et_pb_blog][\/et_pb_column][\/et_pb_row][\/et_pb_section]<\/p>","_et_gb_content_width":"","inline_featured_image":false,"footnotes":""},"class_list":["post-7805","page","type-page","status-publish","has-post-thumbnail","hentry"],"acf":[],"_links":{"self":[{"href":"https:\/\/konsulttiverkko.fi\/en\/wp-json\/wp\/v2\/pages\/7805","targetHints":{"allow":["GET"]}}],"collection":[{"href":"https:\/\/konsulttiverkko.fi\/en\/wp-json\/wp\/v2\/pages"}],"about":[{"href":"https:\/\/konsulttiverkko.fi\/en\/wp-json\/wp\/v2\/types\/page"}],"author":[{"embeddable":true,"href":"https:\/\/konsulttiverkko.fi\/en\/wp-json\/wp\/v2\/users\/4"}],"replies":[{"embeddable":true,"href":"https:\/\/konsulttiverkko.fi\/en\/wp-json\/wp\/v2\/comments?post=7805"}],"version-history":[{"count":16,"href":"https:\/\/konsulttiverkko.fi\/en\/wp-json\/wp\/v2\/pages\/7805\/revisions"}],"predecessor-version":[{"id":8336,"href":"https:\/\/konsulttiverkko.fi\/en\/wp-json\/wp\/v2\/pages\/7805\/revisions\/8336"}],"up":[{"embeddable":true,"href":"https:\/\/konsulttiverkko.fi\/en\/wp-json\/wp\/v2\/pages\/7783"}],"wp:featuredmedia":[{"embeddable":true,"href":"https:\/\/konsulttiverkko.fi\/en\/wp-json\/wp\/v2\/media\/5737"}],"wp:attachment":[{"href":"https:\/\/konsulttiverkko.fi\/en\/wp-json\/wp\/v2\/media?parent=7805"}],"curies":[{"name":"wp","href":"https:\/\/api.w.org\/{rel}","templated":true}]}}