{"id":7806,"date":"2025-10-21T14:11:07","date_gmt":"2025-10-21T11:11:07","guid":{"rendered":"https:\/\/konsulttiverkko.fi\/?page_id=7806"},"modified":"2025-10-21T14:11:07","modified_gmt":"2025-10-21T11:11:07","slug":"okr-facilitation","status":"publish","type":"page","link":"https:\/\/konsulttiverkko.fi\/en\/services\/okr-facilitation\/","title":{"rendered":"OKR Facilitation for a Technology Company"},"content":{"rendered":"<p>[et_pb_section fb_built=&#8221;1&#8243; _builder_version=&#8221;4.24.2&#8243; background_color=&#8221;rgba(0,0,0,0.69)&#8221; background_image=&#8221;https:\/\/konsulttiverkko.fi\/wp-content\/uploads\/2024\/04\/OKR-II-scaled.jpg&#8221; background_position=&#8221;top_left&#8221; background_blend=&#8221;overlay&#8221; custom_padding=&#8221;30px||30px||true|false&#8221; background_last_edited=&#8221;on|desktop&#8221; background_image_tablet=&#8221;https:\/\/konsulttiverkko.fi\/wp-content\/uploads\/2021\/02\/Konsulttiverkko_Palvelumme_mobiili_1280x570px-1.jpg&#8221; background_image_phone=&#8221;https:\/\/konsulttiverkko.fi\/wp-content\/uploads\/2021\/02\/Konsulttiverkko_Palvelumme_mobiili_1280x570px-1.jpg&#8221; background_enable_image_tablet=&#8221;on&#8221; background_enable_image_phone=&#8221;on&#8221; parallax_tablet=&#8221;off&#8221; parallax_phone=&#8221;off&#8221; background_position_tablet=&#8221;top_right&#8221; global_colors_info=&#8221;{}&#8221;][et_pb_row use_custom_gutter=&#8221;on&#8221; gutter_width=&#8221;2&#8243; make_equal=&#8221;on&#8221; _builder_version=&#8221;4.16&#8243; global_colors_info=&#8221;{}&#8221;][et_pb_column type=&#8221;4_4&#8243; _builder_version=&#8221;4.16&#8243; global_colors_info=&#8221;{}&#8221;][et_pb_text module_class=&#8221;dct_m_header&#8221; _builder_version=&#8221;4.27.4&#8243; text_font=&#8221;Poppins||||||||&#8221; header_font=&#8221;Poppins||||||||&#8221; header_letter_spacing=&#8221;1px&#8221; header_line_height=&#8221;1.1em&#8221; header_2_font=&#8221;|600||on|||||&#8221; header_2_text_color=&#8221;#FFFFFF&#8221; header_2_font_size=&#8221;40px&#8221; header_2_letter_spacing=&#8221;1px&#8221; header_2_line_height=&#8221;2em&#8221; header_2_font_size_tablet=&#8221;40px&#8221; header_2_font_size_phone=&#8221;25px&#8221; header_2_font_size_last_edited=&#8221;on|phone&#8221; global_colors_info=&#8221;{}&#8221;]<\/p>\n<h2>OKR Facilitation for a Technology Company<\/h2>\n<p>[\/et_pb_text][\/et_pb_column][\/et_pb_row][\/et_pb_section][et_pb_section fb_built=&#8221;1&#8243; _builder_version=&#8221;4.24.2&#8243; _module_preset=&#8221;default&#8221; global_colors_info=&#8221;{}&#8221;][et_pb_row column_structure=&#8221;3_5,2_5&#8243; _builder_version=&#8221;4.24.2&#8243; _module_preset=&#8221;default&#8221; global_colors_info=&#8221;{}&#8221;][et_pb_column type=&#8221;3_5&#8243; _builder_version=&#8221;4.24.2&#8243; _module_preset=&#8221;default&#8221; global_colors_info=&#8221;{}&#8221;][et_pb_text _builder_version=&#8221;4.27.4&#8243; _module_preset=&#8221;default&#8221; custom_padding=&#8221;||0px|||&#8221; global_colors_info=&#8221;{}&#8221;]We trained and facilitated the implementation of the OKR framework for the management team of a technology company. Our approach was coaching-oriented, ensuring that the company&#8217;s leadership is equipped to scale the OKR framework across the entire organization.[\/et_pb_text][\/et_pb_column][et_pb_column type=&#8221;2_5&#8243; _builder_version=&#8221;4.24.2&#8243; _module_preset=&#8221;default&#8221; global_colors_info=&#8221;{}&#8221;][\/et_pb_column][\/et_pb_row][\/et_pb_section][et_pb_section fb_built=&#8221;1&#8243; _builder_version=&#8221;4.16&#8243; custom_padding=&#8221;50px||0px|||&#8221; global_colors_info=&#8221;{}&#8221;][et_pb_row _builder_version=&#8221;4.24.2&#8243; custom_padding=&#8221;0px||0px||true|false&#8221; border_width_top=&#8221;10px&#8221; border_color_top=&#8221;#30C57A&#8221; global_colors_info=&#8221;{}&#8221;][et_pb_column type=&#8221;4_4&#8243; _builder_version=&#8221;4.16&#8243; global_colors_info=&#8221;{}&#8221;][et_pb_text module_class=&#8221;dct_title_v3&#8243; _builder_version=&#8221;4.27.4&#8243; text_font=&#8221;||||||||&#8221; header_4_font=&#8221;||||||||&#8221; custom_margin=&#8221;15px||15px||false|false&#8221; global_colors_info=&#8221;{}&#8221;]<\/p>\n<h2>Further reading<\/h2>\n<p>[\/et_pb_text][\/et_pb_column][\/et_pb_row][et_pb_row use_custom_gutter=&#8221;on&#8221; gutter_width=&#8221;2&#8243; make_equal=&#8221;on&#8221; _builder_version=&#8221;4.16&#8243; custom_padding=&#8221;0px||||false|false&#8221; global_colors_info=&#8221;{}&#8221;][et_pb_column type=&#8221;4_4&#8243; _builder_version=&#8221;4.16&#8243; global_colors_info=&#8221;{}&#8221;][et_pb_blog fullwidth=&#8221;off&#8221; posts_number=&#8221;3&#8243; include_categories=&#8221;553&#8243; meta_date=&#8221;j.n.Y&#8221; excerpt_length=&#8221;120&#8243; show_author=&#8221;off&#8221; show_excerpt=&#8221;off&#8221; show_pagination=&#8221;off&#8221; use_overlay=&#8221;on&#8221; hover_icon=&#8221;&#xe0ec;||divi||400&#8243; module_class=&#8221;dct_blog_v4&#8243; _builder_version=&#8221;4.24.2&#8243; header_font=&#8221;||||||||&#8221; meta_font=&#8221;||||||||&#8221; read_more_font=&#8221;||||||||&#8221; custom_padding=&#8221;||2vw||false|false&#8221; global_colors_info=&#8221;{}&#8221;][\/et_pb_blog][\/et_pb_column][\/et_pb_row][\/et_pb_section]<\/p>\n","protected":false},"excerpt":{"rendered":"<p>OKR Facilitation for a Technology CompanyWe trained and facilitated the implementation of the OKR framework for the management team of a technology company. Our approach was coaching-oriented, ensuring that the company&#8217;s leadership is equipped to scale the OKR framework across the entire organization.Further reading<\/p>\n","protected":false},"author":4,"featured_media":0,"parent":7783,"menu_order":0,"comment_status":"closed","ping_status":"closed","template":"","meta":{"_acf_changed":false,"_et_pb_use_builder":"on","_et_pb_old_content":"<p>[et_pb_section fb_built=\"1\" _builder_version=\"4.24.2\" background_color=\"rgba(0,0,0,0.69)\" background_image=\"https:\/\/konsulttiverkko.fi\/wp-content\/uploads\/2024\/04\/OKR-II-scaled.jpg\" background_position=\"top_left\" background_blend=\"overlay\" custom_padding=\"30px||30px||true|false\" background_last_edited=\"on|desktop\" background_image_tablet=\"https:\/\/konsulttiverkko.fi\/wp-content\/uploads\/2021\/02\/Konsulttiverkko_Palvelumme_mobiili_1280x570px-1.jpg\" background_image_phone=\"https:\/\/konsulttiverkko.fi\/wp-content\/uploads\/2021\/02\/Konsulttiverkko_Palvelumme_mobiili_1280x570px-1.jpg\" background_enable_image_tablet=\"on\" background_enable_image_phone=\"on\" parallax_tablet=\"off\" parallax_phone=\"off\" background_position_tablet=\"top_right\" global_colors_info=\"{}\"][et_pb_row use_custom_gutter=\"on\" gutter_width=\"2\" make_equal=\"on\" _builder_version=\"4.16\" global_colors_info=\"{}\"][et_pb_column type=\"4_4\" _builder_version=\"4.16\" global_colors_info=\"{}\"][et_pb_text module_class=\"dct_m_header\" _builder_version=\"4.24.2\" text_font=\"Poppins||||||||\" header_font=\"Poppins||||||||\" header_letter_spacing=\"1px\" header_line_height=\"1.1em\" header_2_font=\"|600||on|||||\" header_2_text_color=\"#FFFFFF\" header_2_font_size=\"40px\" header_2_letter_spacing=\"1px\" header_2_line_height=\"2em\" header_2_font_size_tablet=\"40px\" header_2_font_size_phone=\"25px\" header_2_font_size_last_edited=\"on|phone\" global_colors_info=\"{}\"]<\/p><h2>OKR-Fasilitointi teknologiayritykselle<\/h2><p>[\/et_pb_text][\/et_pb_column][\/et_pb_row][\/et_pb_section][et_pb_section fb_built=\"1\" _builder_version=\"4.24.2\" _module_preset=\"default\" global_colors_info=\"{}\"][et_pb_row column_structure=\"3_5,2_5\" _builder_version=\"4.24.2\" _module_preset=\"default\" global_colors_info=\"{}\"][et_pb_column type=\"3_5\" _builder_version=\"4.24.2\" _module_preset=\"default\" global_colors_info=\"{}\"][et_pb_text _builder_version=\"4.24.2\" _module_preset=\"default\" custom_padding=\"||0px|||\" global_colors_info=\"{}\"]<\/p><p>Koulutimme ja fasilitoimme OKR-menetelm\u00e4n k\u00e4ytt\u00f6\u00f6noton teknologiayrityksen johtoryhm\u00e4lle. L\u00e4hestymistapamme oli valmentava, jolloin yrityksen johdolla on valmiudet skaalata OKR-menetelm\u00e4 koskemaan koko yrityksen toimintaa.<\/p><p>[\/et_pb_text][\/et_pb_column][et_pb_column type=\"2_5\" _builder_version=\"4.24.2\" _module_preset=\"default\" global_colors_info=\"{}\"][\/et_pb_column][\/et_pb_row][\/et_pb_section][et_pb_section fb_built=\"1\" _builder_version=\"4.16\" custom_padding=\"50px||0px|||\" global_colors_info=\"{}\"][et_pb_row _builder_version=\"4.24.2\" custom_padding=\"0px||0px||true|false\" border_width_top=\"10px\" border_color_top=\"#30C57A\" global_colors_info=\"{}\"][et_pb_column type=\"4_4\" _builder_version=\"4.16\" global_colors_info=\"{}\"][et_pb_text module_class=\"dct_title_v3\" _builder_version=\"4.24.2\" text_font=\"||||||||\" header_4_font=\"||||||||\" custom_margin=\"15px||15px||false|false\" global_colors_info=\"{}\"]<\/p><h2>Aiheeseen liittyv\u00e4t artikkelit<\/h2><p>[\/et_pb_text][\/et_pb_column][\/et_pb_row][et_pb_row use_custom_gutter=\"on\" gutter_width=\"2\" make_equal=\"on\" _builder_version=\"4.16\" custom_padding=\"0px||||false|false\" global_colors_info=\"{}\"][et_pb_column type=\"4_4\" _builder_version=\"4.16\" global_colors_info=\"{}\"][et_pb_blog fullwidth=\"off\" posts_number=\"3\" meta_date=\"j.n.Y\" excerpt_length=\"120\" show_author=\"off\" show_excerpt=\"off\" show_pagination=\"off\" use_overlay=\"on\" hover_icon=\"\ue0ec||divi||400\" module_class=\"dct_blog_v4\" _builder_version=\"4.24.2\" header_font=\"||||||||\" meta_font=\"||||||||\" read_more_font=\"||||||||\" custom_padding=\"||2vw||false|false\" hover_enabled=\"0\" global_colors_info=\"{}\" include_categories=\"553\" sticky_enabled=\"0\"][\/et_pb_blog][\/et_pb_column][\/et_pb_row][\/et_pb_section]<\/p>","_et_gb_content_width":"","inline_featured_image":false,"footnotes":""},"class_list":["post-7806","page","type-page","status-publish","hentry"],"acf":[],"_links":{"self":[{"href":"https:\/\/konsulttiverkko.fi\/en\/wp-json\/wp\/v2\/pages\/7806","targetHints":{"allow":["GET"]}}],"collection":[{"href":"https:\/\/konsulttiverkko.fi\/en\/wp-json\/wp\/v2\/pages"}],"about":[{"href":"https:\/\/konsulttiverkko.fi\/en\/wp-json\/wp\/v2\/types\/page"}],"author":[{"embeddable":true,"href":"https:\/\/konsulttiverkko.fi\/en\/wp-json\/wp\/v2\/users\/4"}],"replies":[{"embeddable":true,"href":"https:\/\/konsulttiverkko.fi\/en\/wp-json\/wp\/v2\/comments?post=7806"}],"version-history":[{"count":6,"href":"https:\/\/konsulttiverkko.fi\/en\/wp-json\/wp\/v2\/pages\/7806\/revisions"}],"predecessor-version":[{"id":8266,"href":"https:\/\/konsulttiverkko.fi\/en\/wp-json\/wp\/v2\/pages\/7806\/revisions\/8266"}],"up":[{"embeddable":true,"href":"https:\/\/konsulttiverkko.fi\/en\/wp-json\/wp\/v2\/pages\/7783"}],"wp:attachment":[{"href":"https:\/\/konsulttiverkko.fi\/en\/wp-json\/wp\/v2\/media?parent=7806"}],"curies":[{"name":"wp","href":"https:\/\/api.w.org\/{rel}","templated":true}]}}