{"id":7807,"date":"2025-10-21T14:11:06","date_gmt":"2025-10-21T11:11:06","guid":{"rendered":"https:\/\/konsulttiverkko.fi\/?page_id=7807"},"modified":"2025-10-21T14:11:06","modified_gmt":"2025-10-21T11:11:06","slug":"driving-growth-through-operational-efficiency","status":"publish","type":"page","link":"https:\/\/konsulttiverkko.fi\/en\/services\/driving-growth-through-operational-efficiency\/","title":{"rendered":"Driving Growth through Operational Efficiency"},"content":{"rendered":"<p>[et_pb_section fb_built=&#8221;1&#8243; _builder_version=&#8221;4.24.2&#8243; background_color=&#8221;rgba(0,0,0,0.69)&#8221; background_image=&#8221;https:\/\/konsulttiverkko.fi\/wp-content\/uploads\/2024\/04\/Kasvua-toiminnan-tehostamisella.jpg&#8221; background_position=&#8221;top_left&#8221; background_blend=&#8221;overlay&#8221; custom_padding=&#8221;30px||30px||true|false&#8221; background_last_edited=&#8221;on|desktop&#8221; background_image_tablet=&#8221;https:\/\/konsulttiverkko.fi\/wp-content\/uploads\/2021\/02\/Konsulttiverkko_Palvelumme_mobiili_1280x570px-1.jpg&#8221; background_image_phone=&#8221;https:\/\/konsulttiverkko.fi\/wp-content\/uploads\/2021\/02\/Konsulttiverkko_Palvelumme_mobiili_1280x570px-1.jpg&#8221; background_enable_image_tablet=&#8221;on&#8221; background_enable_image_phone=&#8221;on&#8221; parallax_tablet=&#8221;off&#8221; parallax_phone=&#8221;off&#8221; background_position_tablet=&#8221;top_right&#8221; global_colors_info=&#8221;{}&#8221;][et_pb_row use_custom_gutter=&#8221;on&#8221; gutter_width=&#8221;2&#8243; make_equal=&#8221;on&#8221; _builder_version=&#8221;4.16&#8243; global_colors_info=&#8221;{}&#8221;][et_pb_column type=&#8221;4_4&#8243; _builder_version=&#8221;4.16&#8243; global_colors_info=&#8221;{}&#8221;][et_pb_text module_class=&#8221;dct_m_header&#8221; _builder_version=&#8221;4.27.4&#8243; text_font=&#8221;Poppins||||||||&#8221; header_font=&#8221;Poppins||||||||&#8221; header_letter_spacing=&#8221;1px&#8221; header_line_height=&#8221;1.1em&#8221; header_2_font=&#8221;|600||on|||||&#8221; header_2_text_color=&#8221;#FFFFFF&#8221; header_2_font_size=&#8221;40px&#8221; header_2_letter_spacing=&#8221;1px&#8221; header_2_line_height=&#8221;2em&#8221; hover_enabled=&#8221;0&#8243; header_2_font_size_tablet=&#8221;40px&#8221; header_2_font_size_phone=&#8221;25px&#8221; header_2_font_size_last_edited=&#8221;on|phone&#8221; global_colors_info=&#8221;{}&#8221; sticky_enabled=&#8221;0&#8243;]<\/p>\n<h2>Driving Growth through Operational Efficiency<\/h2>\n<p>[\/et_pb_text][\/et_pb_column][\/et_pb_row][\/et_pb_section][et_pb_section fb_built=&#8221;1&#8243; _builder_version=&#8221;4.24.2&#8243; _module_preset=&#8221;default&#8221; global_colors_info=&#8221;{}&#8221;][et_pb_row column_structure=&#8221;3_5,2_5&#8243; _builder_version=&#8221;4.24.2&#8243; _module_preset=&#8221;default&#8221; global_colors_info=&#8221;{}&#8221;][et_pb_column type=&#8221;3_5&#8243; _builder_version=&#8221;4.24.2&#8243; _module_preset=&#8221;default&#8221; global_colors_info=&#8221;{}&#8221;][et_pb_text _builder_version=&#8221;4.27.4&#8243; _module_preset=&#8221;default&#8221; hover_enabled=&#8221;0&#8243; global_colors_info=&#8221;{}&#8221; sticky_enabled=&#8221;0&#8243;]SITUATION<br \/>\nThe company is a rapidly growing technology provider in the health care sector, currently operating in approximately 10 countries. The end-users of the company&#8217;s products are healthcare personnel. Product-related customer support was decentralized by country. Due to strong growth, the local management of customer support led to varying, complex, and inefficient processes. Furthermore, the company used multiple local partners to support resource availability.<\/p>\n<p>OBJECTIVE<br \/>\nThe company decided to centralize customer support and unify the local processes. To support this transformation, a single, comprehensive partner was needed to provide customer support services across all languages in the company&#8217;s market area. The company initiated a tender process for transitioning to a single partner model and centralizing customer support functions to the chosen partner.<\/p>\n<p>HOW DID KONSULTTIVERKKO HELP?<br \/>\nOur consultants defined the target state for customer support and the scope of services included in the tender. Together with the company\u2019s key personnel, we conducted a market dialogue and tender process with international service providers. The outcome of our assignment was the selection of a single partner and the start of the function transition to the service provider in one target country, from where the service is centrally offered in all languages. This solution thus also secures the company&#8217;s growth into new markets cost-effectively.<\/p>\n<p>RESULTS<br \/>\nThe company now has one selected partner for providing customer support services, and the need for country-specific solutions will be reduced in the future. As the growth company expands into new markets, demand will be directed to this partner, enabling profitable and strong growth. Additionally, the operating models and processes are more streamlined and cost-effective compared to locally produced solutions.<br \/>\n[\/et_pb_text][\/et_pb_column][et_pb_column type=&#8221;2_5&#8243; _builder_version=&#8221;4.24.2&#8243; _module_preset=&#8221;default&#8221; global_colors_info=&#8221;{}&#8221;][\/et_pb_column][\/et_pb_row][\/et_pb_section][et_pb_section fb_built=&#8221;1&#8243; _builder_version=&#8221;4.16&#8243; custom_padding=&#8221;50px||0px|||&#8221; global_colors_info=&#8221;{}&#8221;][et_pb_row _builder_version=&#8221;4.24.2&#8243; custom_padding=&#8221;0px||0px||true|false&#8221; border_width_top=&#8221;10px&#8221; border_color_top=&#8221;#30C57A&#8221; global_colors_info=&#8221;{}&#8221;][et_pb_column type=&#8221;4_4&#8243; _builder_version=&#8221;4.16&#8243; global_colors_info=&#8221;{}&#8221;][et_pb_text module_class=&#8221;dct_title_v3&#8243; _builder_version=&#8221;4.27.4&#8243; text_font=&#8221;||||||||&#8221; header_4_font=&#8221;||||||||&#8221; custom_margin=&#8221;15px||15px||false|false&#8221; hover_enabled=&#8221;0&#8243; global_colors_info=&#8221;{}&#8221; sticky_enabled=&#8221;0&#8243;]<\/p>\n<h2>Further reading<\/h2>\n<p>[\/et_pb_text][\/et_pb_column][\/et_pb_row][et_pb_row use_custom_gutter=&#8221;on&#8221; gutter_width=&#8221;2&#8243; make_equal=&#8221;on&#8221; _builder_version=&#8221;4.16&#8243; custom_padding=&#8221;0px||||false|false&#8221; global_colors_info=&#8221;{}&#8221;][et_pb_column type=&#8221;4_4&#8243; _builder_version=&#8221;4.16&#8243; global_colors_info=&#8221;{}&#8221;][et_pb_blog fullwidth=&#8221;off&#8221; posts_number=&#8221;3&#8243; include_categories=&#8221;53&#8243; meta_date=&#8221;j.n.Y&#8221; excerpt_length=&#8221;120&#8243; show_author=&#8221;off&#8221; show_excerpt=&#8221;off&#8221; show_pagination=&#8221;off&#8221; use_overlay=&#8221;on&#8221; hover_icon=&#8221;&#xe0ec;||divi||400&#8243; module_class=&#8221;dct_blog_v4&#8243; _builder_version=&#8221;4.24.2&#8243; header_font=&#8221;||||||||&#8221; meta_font=&#8221;||||||||&#8221; read_more_font=&#8221;||||||||&#8221; custom_padding=&#8221;||2vw||false|false&#8221; global_colors_info=&#8221;{}&#8221;][\/et_pb_blog][\/et_pb_column][\/et_pb_row][\/et_pb_section]<\/p>\n","protected":false},"excerpt":{"rendered":"<p>Driving Growth through Operational EfficiencySITUATION The company is a rapidly growing technology provider in the health care sector, currently operating in approximately 10 countries. The end-users of the company&#8217;s products are healthcare personnel. Product-related customer support was decentralized by country. Due to strong growth, the local management of customer support led to varying, complex, and [&hellip;]<\/p>\n","protected":false},"author":4,"featured_media":0,"parent":7783,"menu_order":0,"comment_status":"closed","ping_status":"closed","template":"","meta":{"_acf_changed":false,"_et_pb_use_builder":"on","_et_pb_old_content":"<p>[et_pb_section fb_built=\"1\" _builder_version=\"4.24.2\" background_color=\"rgba(0,0,0,0.69)\" background_image=\"https:\/\/konsulttiverkko.fi\/wp-content\/uploads\/2024\/04\/Kasvua-toiminnan-tehostamisella.jpg\" background_position=\"top_left\" background_blend=\"overlay\" custom_padding=\"30px||30px||true|false\" background_last_edited=\"on|desktop\" background_image_tablet=\"https:\/\/konsulttiverkko.fi\/wp-content\/uploads\/2021\/02\/Konsulttiverkko_Palvelumme_mobiili_1280x570px-1.jpg\" background_image_phone=\"https:\/\/konsulttiverkko.fi\/wp-content\/uploads\/2021\/02\/Konsulttiverkko_Palvelumme_mobiili_1280x570px-1.jpg\" background_enable_image_tablet=\"on\" background_enable_image_phone=\"on\" parallax_tablet=\"off\" parallax_phone=\"off\" background_position_tablet=\"top_right\" global_colors_info=\"{}\"][et_pb_row use_custom_gutter=\"on\" gutter_width=\"2\" make_equal=\"on\" _builder_version=\"4.16\" global_colors_info=\"{}\"][et_pb_column type=\"4_4\" _builder_version=\"4.16\" global_colors_info=\"{}\"][et_pb_text module_class=\"dct_m_header\" _builder_version=\"4.24.2\" text_font=\"Poppins||||||||\" header_font=\"Poppins||||||||\" header_letter_spacing=\"1px\" header_line_height=\"1.1em\" header_2_font=\"|600||on|||||\" header_2_text_color=\"#FFFFFF\" header_2_font_size=\"40px\" header_2_letter_spacing=\"1px\" header_2_line_height=\"2em\" header_2_font_size_tablet=\"40px\" header_2_font_size_phone=\"25px\" header_2_font_size_last_edited=\"on|phone\" global_colors_info=\"{}\"]<\/p><h2>Toiminnan tehostamisella kasvua<\/h2><p>[\/et_pb_text][\/et_pb_column][\/et_pb_row][\/et_pb_section][et_pb_section fb_built=\"1\" _builder_version=\"4.24.2\" _module_preset=\"default\" global_colors_info=\"{}\"][et_pb_row column_structure=\"3_5,2_5\" _builder_version=\"4.24.2\" _module_preset=\"default\" global_colors_info=\"{}\"][et_pb_column type=\"3_5\" _builder_version=\"4.24.2\" _module_preset=\"default\" global_colors_info=\"{}\"][et_pb_text _builder_version=\"4.24.2\" _module_preset=\"default\" global_colors_info=\"{}\"]<\/p><h5><span style=\"font-weight: 400;\">TILANNE<\/span><\/h5><p><span style=\"font-weight: 400;\">Yhti\u00f6 on voimakkaasti kasvava, hoiva-alan teknologiatoimittaja, joka toimii t\u00e4ll\u00e4 hetkell\u00e4 noin 10:ssa maassa. Yrityksen tuotteiden loppuk\u00e4ytt\u00e4ji\u00e4 on hoitohenkil\u00f6kunta. Tuotteisiin liittyv\u00e4 asiakastuki oli maakohtaisesti hajautettu. Voimakkaan kasvun johdosta asiakastuen hallinta paikallisesti johti vaihteleviin, monimutkaisiin ja tehottomiin prosesseihin. Lis\u00e4ksi yhti\u00f6 k\u00e4ytti useita paikallisia kumppaneita tukemaan resurssien saatavuutta.<\/span><\/p><h5><span style=\"font-weight: 400;\">TAVOITETILA<\/span><\/h5><p><span style=\"font-weight: 400;\">Yhti\u00f6 on p\u00e4\u00e4tt\u00e4nyt keskitt\u00e4\u00e4 asiakastuen ja yhten\u00e4ist\u00e4\u00e4 paikalliset prosessit. Muutoksen tueksi tarvittiin yksi laaja-alainen, asiakastukipalveluja tarjoava kumppani, joka voi tarjota palvelun kaikilla yhti\u00f6n markkina-alueen kielill\u00e4. Yhti\u00f6 aloitti kilpailutusprosessin yhden kumppanin malliin siirtymisest\u00e4 ja asiakastuen toimintojen keskitt\u00e4misest\u00e4 valitulle kumppanille.<\/span><\/p><h5><span style=\"font-weight: 400;\">KUINKA KONSULTTIVERKKO AUTTOI?<\/span><\/h5><p><span style=\"font-weight: 400;\">Konsulttimme m\u00e4\u00e4rittiv\u00e4t asiakastuen tavoitetilan ja kilpailutuksen piiriss\u00e4 olevien palvelujen laajuuden. Yhdess\u00e4 yhti\u00f6n avainhenkil\u00f6iden kanssa toteutimme markkinavuoropuhelun ja kilpailutuksen prosessin kansainv\u00e4lisen tason palveluntarjoajien kanssa. Toimeksiantomme lopputuloksena valittiin yksi kumppani ja aloitettiin toimintojen transitio palveluntarjoajalle yhteen kohdemaahan, josta palvelua tarjotaan keskitetysti kaikilla kielill\u00e4. T\u00e4ten ratkaisu turvaa my\u00f6s yhti\u00f6n kasvun uusille markkinoille kustannustehokkaasti.<\/span><\/p><h5><span style=\"font-weight: 400;\">TULOKSET<\/span><\/h5><p><span style=\"font-weight: 400;\">Yhti\u00f6ll\u00e4 on nyt yksi valittu kumppani asiakastuen palvelujen tarjoamiseen, ja jatkossa tarve maakohtaisille ratkaisuille on v\u00e4h\u00e4isempi. Kasvuyhti\u00f6n laajentuessa uusille markkinoille, kysynt\u00e4 ohjataan t\u00e4lle kumppanille, mik\u00e4 mahdollistaa kannattavan ja voimakkaan kasvun. Lis\u00e4ksi toimintamallit ja prosessit ovat suoraviivaisempia ja kustannustehokkaampia verrattuna paikallisesti tuotettuihin ratkaisuihin.<\/span><\/p><p>[\/et_pb_text][\/et_pb_column][et_pb_column type=\"2_5\" _builder_version=\"4.24.2\" _module_preset=\"default\" global_colors_info=\"{}\"][\/et_pb_column][\/et_pb_row][\/et_pb_section][et_pb_section fb_built=\"1\" _builder_version=\"4.16\" custom_padding=\"50px||0px|||\" global_colors_info=\"{}\"][et_pb_row _builder_version=\"4.24.2\" custom_padding=\"0px||0px||true|false\" border_width_top=\"10px\" border_color_top=\"#30C57A\" global_colors_info=\"{}\"][et_pb_column type=\"4_4\" _builder_version=\"4.16\" global_colors_info=\"{}\"][et_pb_text module_class=\"dct_title_v3\" _builder_version=\"4.24.2\" text_font=\"||||||||\" header_4_font=\"||||||||\" custom_margin=\"15px||15px||false|false\" hover_enabled=\"0\" global_colors_info=\"{}\" sticky_enabled=\"0\"]<\/p><h2>Aiheeseen liittyv\u00e4t artikkelit<\/h2><p>[\/et_pb_text][\/et_pb_column][\/et_pb_row][et_pb_row use_custom_gutter=\"on\" gutter_width=\"2\" make_equal=\"on\" _builder_version=\"4.16\" custom_padding=\"0px||||false|false\" global_colors_info=\"{}\"][et_pb_column type=\"4_4\" _builder_version=\"4.16\" global_colors_info=\"{}\"][et_pb_blog fullwidth=\"off\" posts_number=\"3\" include_categories=\"53\" meta_date=\"j.n.Y\" excerpt_length=\"120\" show_author=\"off\" show_excerpt=\"off\" show_pagination=\"off\" use_overlay=\"on\" hover_icon=\"\ue0ec||divi||400\" module_class=\"dct_blog_v4\" _builder_version=\"4.24.2\" header_font=\"||||||||\" meta_font=\"||||||||\" read_more_font=\"||||||||\" custom_padding=\"||2vw||false|false\" hover_enabled=\"0\" global_colors_info=\"{}\" sticky_enabled=\"0\"][\/et_pb_blog][\/et_pb_column][\/et_pb_row][\/et_pb_section]<\/p>","_et_gb_content_width":"","inline_featured_image":false,"footnotes":""},"class_list":["post-7807","page","type-page","status-publish","hentry"],"acf":[],"_links":{"self":[{"href":"https:\/\/konsulttiverkko.fi\/en\/wp-json\/wp\/v2\/pages\/7807","targetHints":{"allow":["GET"]}}],"collection":[{"href":"https:\/\/konsulttiverkko.fi\/en\/wp-json\/wp\/v2\/pages"}],"about":[{"href":"https:\/\/konsulttiverkko.fi\/en\/wp-json\/wp\/v2\/types\/page"}],"author":[{"embeddable":true,"href":"https:\/\/konsulttiverkko.fi\/en\/wp-json\/wp\/v2\/users\/4"}],"replies":[{"embeddable":true,"href":"https:\/\/konsulttiverkko.fi\/en\/wp-json\/wp\/v2\/comments?post=7807"}],"version-history":[{"count":6,"href":"https:\/\/konsulttiverkko.fi\/en\/wp-json\/wp\/v2\/pages\/7807\/revisions"}],"predecessor-version":[{"id":8231,"href":"https:\/\/konsulttiverkko.fi\/en\/wp-json\/wp\/v2\/pages\/7807\/revisions\/8231"}],"up":[{"embeddable":true,"href":"https:\/\/konsulttiverkko.fi\/en\/wp-json\/wp\/v2\/pages\/7783"}],"wp:attachment":[{"href":"https:\/\/konsulttiverkko.fi\/en\/wp-json\/wp\/v2\/media?parent=7807"}],"curies":[{"name":"wp","href":"https:\/\/api.w.org\/{rel}","templated":true}]}}