{"id":7868,"date":"2025-10-21T13:24:28","date_gmt":"2025-10-21T10:24:28","guid":{"rendered":"https:\/\/konsulttiverkko.fi\/?page_id=7868"},"modified":"2026-02-25T11:25:58","modified_gmt":"2026-02-25T09:25:58","slug":"privacy-policy","status":"publish","type":"page","link":"https:\/\/konsulttiverkko.fi\/en\/privacy-policy\/","title":{"rendered":"Privacy Policy"},"content":{"rendered":"<p>[et_pb_section fb_built=&#8221;1&#8243; admin_label=&#8221;section&#8221; _builder_version=&#8221;4.16&#8243; global_colors_info=&#8221;{}&#8221;][et_pb_row admin_label=&#8221;row&#8221; _builder_version=&#8221;4.16&#8243; background_size=&#8221;initial&#8221; background_position=&#8221;top_left&#8221; background_repeat=&#8221;repeat&#8221; custom_padding=&#8221;18px|||||&#8221; global_colors_info=&#8221;{}&#8221;][et_pb_column type=&#8221;4_4&#8243; _builder_version=&#8221;4.16&#8243; custom_padding=&#8221;|||&#8221; global_colors_info=&#8221;{}&#8221; custom_padding__hover=&#8221;|||&#8221;][et_pb_text admin_label=&#8221;Text&#8221; _builder_version=&#8221;4.27.5&#8243; text_line_height=&#8221;1.8em&#8221; header_5_line_height=&#8221;1.4em&#8221; background_size=&#8221;initial&#8221; background_position=&#8221;top_left&#8221; background_repeat=&#8221;repeat&#8221; hover_enabled=&#8221;0&#8243; global_colors_info=&#8221;{}&#8221; sticky_enabled=&#8221;0&#8243;]<\/p>\n<p><strong>JJS KONSULTTIVERKKO OY<\/strong><br \/><strong>Data Protection and Privacy Statement 2022<\/strong><br \/><strong>Drawn up: 20.11.2018<\/strong><br \/><strong>Updated: 29.4.2022<\/strong><\/p>\n<h5><strong>1. CONTROLLER<\/strong><\/h5>\n<p>JJS Konsulttiverkko Oy<br \/>Business ID: 2869647-6<br \/>Address: Bulevardi 21, 00180 Helsinki<\/p>\n<h5><strong>2. CONTACT PERSON MANAGING THE REGISTER<\/strong><\/h5>\n<p>Partner: Jussi J\u00e4rvinen<br \/>Email: info@konsulttiverkko.fi<br \/>Phone: +358 (0)40 772 5840<\/p>\n<h5><strong>3. NAME OF THE REGISTER<\/strong><\/h5>\n<p>JJS Konsulttiverkko Oy\u2019s Data Protection and Privacy Statement<\/p>\n<h5><strong>4. LEGAL BASIS AND PURPOSE OF PROCESSING PERSONAL DATA<\/strong><\/h5>\n<p>The legal basis for the processing of personal data in accordance with the EU&#8217;s General Data Protection Regulation (GDPR) is the legitimate interest of the controller; the creation and maintenance of existing and new customer relationships, as well as actions related to job applications and recruitment.<\/p>\n<p>We may use personal data for marketing and direct marketing within the limits of applicable legislation. This may include, but is not limited to, the use and analysis of personal data to target marketing and service offerings.<\/p>\n<p>For subcontractors, we collect sufficient information about our subcontractors for the purpose of offers, assignments, and invoicing. We may collect contact information for networking purposes.<\/p>\n<p>Personal data related to those interested in the network and job applicants is collected and used primarily for human resources purposes, fulfilling the rights and obligations related to employment and cooperation agreements, fulfilling statutory requirements related to employment relationships, and the evaluation and selection of candidates. The purpose of processing personal data is communication with customers, partners, and subcontractors, maintaining customer and cooperation relationships, marketing and invoicing, as well as business development. The data is not used for automated decision-making.<\/p>\n<h5><strong>5. DATA CONTENT OF THE REGISTER<\/strong><\/h5>\n<p>The data stored in the register includes: person&#8217;s name, position, organization, contact information (phone number, email address, organization address), website addresses, invoicing information, other information related to the customer relationship, services, or recruitment; application, CV, and reference information of a job applicant or subcontractor obtained with the applicant\u2019s consent, as well as necessary information for paying salaries and subcontractor invoices. The data will be destroyed no later than ten (10) years after the last invoicing or contact.<\/p>\n<h5><strong>6. REGULAR SOURCES OF DATA<\/strong><\/h5>\n<p>Contact persons of our customers, potential customers, job applicants, and parties interested in us can contact us through the forms on our website, e.g., contact requests or requests for quotation.<br \/>The register records information on the customer&#8217;s self-initiated contacts via email, telephone, social media services; executed agreements, customer meetings, and other situations where the customer provides their information.<\/p>\n<p>We use customer registers in the following programs, whose privacy policies can be reviewed by clicking on the name:<br \/><a href=\"https:\/\/www.pipedrive.com\/en\/privacy\">Pipedrive<\/a>, <a href=\"https:\/\/www.intuit.com\/privacy\/statement\/\">MailChimp<\/a>, <a href=\"https:\/\/www.leadfeeder.com\/privacy\/\">Leadfeeder<\/a>, <a href=\"https:\/\/wordpress.com\/\">WordPress<\/a>, <a href=\"https:\/\/policies.google.com\/privacy?hl=fi\">Google Analytics<\/a>.<\/p>\n<h5><strong>7. REGULAR DISCLOSURES OF DATA AND TRANSFER OF DATA OUTSIDE THE EU OR EEA<\/strong><\/h5>\n<p>Data is not regularly disclosed to other parties.<br \/>Data is not transferred outside the EU or the EEA, except in cases where the home location of the information systems is outside the EU or the EEA. All information systems we use are committed to complying with EU data protection law.<br \/>Data may only be published or disclosed to the extent agreed upon with the customer.<br \/>Data is only disclosed to authorities, e.g., in cases of suspected crime.<\/p>\n<h5><strong>8. PRINCIPLES FOR PROTECTING THE REGISTER<\/strong><\/h5>\n<p>Care is exercised in the processing of the register, and data processed using information systems is protected appropriately. When registered data is stored on an internet server, the physical and digital data security of the hardware is appropriately managed.<\/p>\n<p>The controller ensures that access rights to the stored data and servers and other information critical to the security of personal data are handled confidentially and only by those employees and partners whose job description requires it.<\/p>\n<h5><strong>9. RIGHT OF ACCESS AND RIGHT TO REQUEST CORRECTION OF DATA<\/strong><\/h5>\n<p>Every person in the register has the right to check the information stored about them and to demand the correction of any inaccurate information or the completion of incomplete information.<\/p>\n<p>If a person wishes to check the information stored about them or demand its correction, the request must be made directly and personally to the controller. The controller may, if necessary, ask the requester to prove their identity. The controller shall respond to the customer within the time stipulated in the EU Data Protection Regulation (usually within 1 month).<\/p>\n<h5><strong>10. OTHER RIGHTS RELATED TO THE PROCESSING OF PERSONAL DATA<\/strong><\/h5>\n<p>A person in the register has the right to request the erasure of personal data concerning them from the register (the so-called &#8220;right to be forgotten&#8221;). The data subject also has other rights under the EU General Data Protection Regulation, such as the restriction of the processing of personal data in certain situations.<\/p>\n<p>Requests must be made directly and personally to the controller. The controller may, if necessary, ask the requester to prove their identity. The controller shall respond to the customer within the time stipulated in the EU Data Protection Regulation (usually within 1 month).<\/p>\n<h5><strong>11. COOKIES AND LOG DATA FROM VISITS<\/strong><\/h5>\n<p>We use cookies on the website and mobile applications. A cookie is a small text file that a computer, phone, or tablet stores on the user&#8217;s device. The systems we use collect the following log data from visits: IP address, browser type, time of visit, operating system, the network address used by the person, and pages visited. The visitor cannot be identified by cookies alone, and these do not harm the user&#8217;s device or files.<\/p>\n<p>A new user is shown a cookie message, and by accepting it, the user accepts the cookies and gains access to all sections of the online service.<br \/>If desired, the website user can instruct their browser to reject all cookies or to notify when a cookie is sent. If the user does not accept cookies, we cannot guarantee that the entire content of the site is available.<\/p>\n<h5><strong>12. WEBSITE PROTECTION<\/strong><\/h5>\n<p>We use a secure SSL connection on our pages, which is indicated by the site&#8217;s URL starting with &#8220;https&#8221;. This avoids unprotected connections and ensures that visitors&#8217; data does not fall into the wrong hands.<\/p>\n<h5><strong>13. ADDITIONAL INFORMATION ABOUT THE PRIVACY STATEMENT<\/strong><\/h5>\n<p>This page is updated in connection with changes; the date of the last update can be found at the top of the statement.<br \/>More information about the current data protection law can be read on the website of the <a href=\"https:\/\/tietosuoja.fi\/en\/home\">Data Protection Ombudsman.<\/a><\/p>\n<p>[\/et_pb_text][\/et_pb_column][\/et_pb_row][\/et_pb_section]<\/p>\n","protected":false},"excerpt":{"rendered":"<p>JJS KONSULTTIVERKKO OYData Protection and Privacy Statement 2022Drawn up: 20.11.2018Updated: 29.4.2022 1. CONTROLLER JJS Konsulttiverkko OyBusiness ID: 2869647-6Address: Bulevardi 21, 00180 Helsinki 2. CONTACT PERSON MANAGING THE REGISTER Partner: Jussi J\u00e4rvinenEmail: info@konsulttiverkko.fiPhone: +358 (0)40 772 5840 3. NAME OF THE REGISTER JJS Konsulttiverkko Oy\u2019s Data Protection and Privacy Statement 4. LEGAL BASIS AND PURPOSE OF [&hellip;]<\/p>\n","protected":false},"author":4,"featured_media":0,"parent":0,"menu_order":0,"comment_status":"closed","ping_status":"open","template":"","meta":{"_acf_changed":false,"_et_pb_use_builder":"on","_et_pb_old_content":"<p>[et_pb_section fb_built=\"1\" admin_label=\"section\" _builder_version=\"4.16\" global_colors_info=\"{}\"][et_pb_row admin_label=\"row\" _builder_version=\"4.16\" background_size=\"initial\" background_position=\"top_left\" background_repeat=\"repeat\" custom_padding=\"18px|||||\" global_colors_info=\"{}\"][et_pb_column type=\"4_4\" _builder_version=\"4.16\" custom_padding=\"|||\" global_colors_info=\"{}\" custom_padding__hover=\"|||\"][et_pb_text admin_label=\"Text\" _builder_version=\"4.27.4\" text_line_height=\"1.8em\" header_5_line_height=\"1.4em\" background_size=\"initial\" background_position=\"top_left\" background_repeat=\"repeat\" hover_enabled=\"0\" global_colors_info=\"{}\" sticky_enabled=\"0\"]<\/p><p>\u00a0<\/p><h5>JJS KONSULTTIVERKKO OY<br \/>Tietosuoja- ja rekisteriseloste 2022<br \/>Laadittu 20.11.2018<br \/>P\u00e4ivitetty 29.4.2022<\/h5><p>\u00a0<\/p><h5>1. REKISTERINPIT\u00c4J\u00c4<\/h5><h5>JJS Konsulttiverkko Oy<br \/>Y-tunnus: 2869647-6<br \/>Osoite: L\u00f6nnrotinkatu 5, 00120 Helsinki<\/h5><p>\u00a0<\/p><h5>2. REKISTERIST\u00c4 VASTAAVA HENKIL\u00d6<\/h5><h5>Osakas: Jussi J\u00e4rvinen<br \/>S\u00e4hk\u00f6posti: <a style=\"font-size: 16px;\" href=\"mailto:info@konsulttiverkko.fi\">info@konsulttiverkko.fi<\/a><br \/>Puhelin: <a style=\"font-size: 16px;\" href=\"callto:+358407725840\">+358 (0)40 772 5840<\/a><\/h5><p>\u00a0<\/p><h5>3. REKISTERIN NIMI<\/h5><h5>JJS konsulttiverkko Oy:n tietosuoja- ja rekisteriseloste<\/h5><p>\u00a0<\/p><h5>4. OIKEUSPERUSTE JA HENKIL\u00d6TIETOJEN K\u00c4SITTELYN TARKOITUS<\/h5><p>EU:n tietosuoja-asetuksen mukainen oikeusperuste henkil\u00f6tietojen k\u00e4sittelylle on rekisterinpit\u00e4j\u00e4n oikeutettu etu; olemassa olevien ja uusien asiakasuhteiden luonti ja hoitaminen sek\u00e4 ty\u00f6nhakuun ja rekrytointiin liittyv\u00e4t toimet.<\/p><p>Voimme k\u00e4ytt\u00e4\u00e4 henkil\u00f6tietoja markkinointiin ja suoramarkkinointiin sovellettavan lains\u00e4\u00e4d\u00e4nn\u00f6n rajoissa. T\u00e4h\u00e4n voi sis\u00e4lty\u00e4, mutta my\u00f6s olla sis\u00e4ltym\u00e4tt\u00e4, henkil\u00f6tietojen k\u00e4ytt\u00f6\u00e4 ja analysointia markkinoinnin ja palvelutarjonnan kohdentamiseksi.<\/p><p>Alihankkijoiden osalta, ker\u00e4\u00e4mme riitt\u00e4v\u00e4t tiedot alihankkijoistamme tarjouksia ja toimeksiantoja sek\u00e4 laskutusta varten. Verkostoitumistarkoituksiin saatamme ker\u00e4t\u00e4 yhteystietoja.<\/p><p>Verkostosta kiinnostuneisiin ja ty\u00f6nhakijoihin liittyvi\u00e4 henkil\u00f6tietoja ker\u00e4t\u00e4\u00e4n ja k\u00e4ytet\u00e4\u00e4n p\u00e4\u00e4asiassa henkil\u00f6st\u00f6hallinnon tarkoituksiin, ty\u00f6- ja yhteisty\u00f6sopimuksiin liittyvien oikeuksien ja velvollisuuksien t\u00e4ytt\u00e4miseen, ty\u00f6suhteisiin liittyvien lakis\u00e4\u00e4teisten vaatimusten t\u00e4ytt\u00e4miseen sek\u00e4 ehdokkaiden arviointiin ja valintaan. Henkil\u00f6tietojen k\u00e4sittelyn tarkoitus on yhteydenpito asiakkaisiin, kumppaneihin ja alihankkijoihin, asiakas- ja yhteisty\u00f6suhteen yll\u00e4pito, markkinointi ja laskutus sek\u00e4 liiketoiminnan kehitt\u00e4minen. Tietoja ei k\u00e4ytet\u00e4 automatisoituun p\u00e4\u00e4t\u00f6ksentekoon.<\/p><p>\u00a0<\/p><h5>5. REKISTERIN TIETOSIS\u00c4LT\u00d6<\/h5><p>Rekisteriin tallennettavia tietoja ovat: henkil\u00f6n nimi, asema, organisaatio, yhteystiedot (puhelinnumero, s\u00e4hk\u00f6postiosoite, organisaation osoite), verkkosivujen osoitteet, laskutustiedot, muut asiakassuhteeseen, palveluihin tai rekrytointiin liittyv\u00e4t tiedot; Ty\u00f6nhakijan tai alihankkijan hakemus-, ansioluettelo- ja referenssitiedot, jotka on saatu hakijan suostumuksella, sek\u00e4 palkkojen ja alihankkijan laskujen maksamiseen tarvittavat tiedot. Tiedot tuhotaan viimeist\u00e4\u00e4n kymmenen (10) vuoden kuluttua viimeisimm\u00e4st\u00e4 laskutuksesta tai yhteydenpidosta.<\/p><p>\u00a0<\/p><h5>6. S\u00c4\u00c4NN\u00d6NMUKAISET TIETOL\u00c4HTEET<\/h5><p>Asiakkaidemme yhteyshenkil\u00f6t, potentiaaliset asiakkaat, ty\u00f6nhakijat ja meist\u00e4 kiinnostuneet tahot voivat olla meihin yhteydess\u00e4 verkkosivuillamme olevien lomakkeiden kautta esim. yhteydenotto - tai tarjouspyynn\u00f6ill\u00e4.<\/p><p>Rekisteriin kirjataan tiedot asiakkaan omaehtoisista yhteydenotoista s\u00e4hk\u00f6postitse, puhelimitse, sosiaalisen median palvelujen kautta; tehdyist\u00e4 sopimuksista, asiakastapaamisista sek\u00e4 muista tilanteista, joissa asiakas luovuttaa tietojaan.<\/p><p>K\u00e4yt\u00e4mme asiakasrekistereit\u00e4 seuraavissa ohjelmissa, joiden tietosuojaselosteeseen voi tutustua klikkaamalla nime\u00e4:<\/p><p><a href=\"https:\/\/www.pipedrive.com\" target=\"_blank\" rel=\"noopener\">Pipedrive<\/a>, <a href=\"https:\/\/www.mailchimp.com\" target=\"_blank\" rel=\"noopener\">MailChimp<\/a>, <a href=\"https:\/\/www.leadfeeder.com\" target=\"_blank\" rel=\"noopener\">Leadfeeder<\/a>, <a href=\"https:\/\/www.wordpress.com\" target=\"_blank\" rel=\"noopener\">WordPress<\/a>, <a href=\"https:\/\/analytics.google.com\/analytics\/web\/provision\/#\/provision\" target=\"_blank\" rel=\"noopener\">Google Analytics<\/a>.<\/p><p>\u00a0<\/p><h5>7. TIETOJEN S\u00c4\u00c4NN\u00d6NMUKAISET LUOVUTUKSET JA TIETOJEN SIIRTO EU:N TAI ETA:N ULKOPUOLELLE<\/h5><p>Tietoja ei luovuteta s\u00e4\u00e4nn\u00f6nmukaisesti muille tahoille.<\/p><p>Tietoja ei siirret\u00e4 EU:n tai ETA:n ulkopuolelle, paitsi niiss\u00e4 tapauksissa, jossa tietoj\u00e4rjestelmien kotipaikka on EU:n tai ETA:n ulkopuolella. Kaikki k\u00e4ytt\u00e4m\u00e4mme tietoj\u00e4rjestelm\u00e4t ovat sitoutuneet noudattamaan EU:n tietosuojalakia.<\/p><p>Tietoja voidaan julkaista tai luovuttaa ainoastaan silt\u00e4 osin kuin niin on sovittu asiakkaan kanssa. Tietoja luovutetaan ainoastaan viranomaisille, esim. rikosep\u00e4ilytapauksissa.<\/p><p>\u00a0<\/p><h5>8. REKISTERIN SUOJAUKSEN PERUSTEET<\/h5><p>Rekisterin k\u00e4sittelyss\u00e4 noudatetaan huolellisuutta ja tietoj\u00e4rjestelmien avulla k\u00e4sitelt\u00e4v\u00e4t tiedot suojataan asianmukaisesti. Kun rekisteritietoja s\u00e4ilytet\u00e4\u00e4n internetpalvelimella, niiden laitteistojen fyysisest\u00e4 ja digitaalisesta tietoturvasta huolehditaan asiankuuluvasti.<\/p><p>Rekisterinpit\u00e4j\u00e4 huolehtii siit\u00e4, ett\u00e4 tallennettujen tietojen ja palvelimien k\u00e4ytt\u00f6oikeuksia ja muita henkil\u00f6tietojen turvallisuuden kannalta kriittisi\u00e4 tietoja k\u00e4sitell\u00e4\u00e4n luottamuksellisesti ja vain niiden ty\u00f6ntekij\u00f6iden ja yhteisty\u00f6kumppaneiden toimesta, joiden ty\u00f6nkuvaan se kuuluu.<\/p><p>\u00a0<\/p><h5>9. TARKASTUOIKEUS JA OIKEUS VAATIA TIETOJEN KORJAAMISTA<\/h5><p>Jokaisella rekisteriss\u00e4 olevalla henkil\u00f6ll\u00e4 on oikeus tarkistaa rekisteriin tallennetut tietonsa ja vaatia mahdollisen virheellisen tiedon korjaamista tai puutteellisen tiedon t\u00e4ydent\u00e4mist\u00e4.<\/p><p>Mik\u00e4li henkil\u00f6 haluaa tarkistaa h\u00e4nest\u00e4 tallennetut tiedot tai vaatia niihin oikaisua, pyynt\u00f6 tulee tehd\u00e4 suoraan ja henkil\u00f6kohtaisesti rekisterinpit\u00e4j\u00e4lle. Rekisterinpit\u00e4j\u00e4 voi pyyt\u00e4\u00e4 tarvittaessa pyynn\u00f6n esitt\u00e4j\u00e4\u00e4 todistamaan henkil\u00f6llisyytens\u00e4. Rekisterinpit\u00e4j\u00e4n vastaa asiakkaalle EU:n tietosuoja-asetuksessa s\u00e4\u00e4detyss\u00e4 ajassa (p\u00e4\u00e4s\u00e4\u00e4nt\u00f6isesti 1 kk:n aikana).<\/p><p>\u00a0<\/p><h5>10. MUUT HENKIL\u00d6TIETOJEN K\u00c4SITTELYYN LIITTYV\u00c4T OIKEUDET<\/h5><p>Rekisteriss\u00e4 olevalla henkil\u00f6ll\u00e4 on oikeus pyyt\u00e4\u00e4 h\u00e4nt\u00e4 koskevien henkil\u00f6tietojen poistamista rekisterist\u00e4 (ns. oikeus tulla unohdetuksi). Rekister\u00f6idyll\u00e4 on my\u00f6s muut EU:n yleisen tietosuoja-asetuksen mukaiset oikeudet kuten henkil\u00f6tietojen k\u00e4sittelyn rajoittaminen tietyiss\u00e4 tilanteissa.<\/p><p>Pyynn\u00f6t tulee tehd\u00e4 suoraan ja henkil\u00f6kohtaisesti rekisterinpit\u00e4j\u00e4lle. Rekisterinpit\u00e4j\u00e4 voi pyyt\u00e4\u00e4 tarvittaessa pyynn\u00f6n esitt\u00e4j\u00e4\u00e4 todistamaan henkil\u00f6llisyytens\u00e4. Rekisterinpit\u00e4j\u00e4 vastaa asiakkaalle EU:n tietosuoja-asetuksessa s\u00e4\u00e4detyss\u00e4 ajassa (p\u00e4\u00e4s\u00e4\u00e4nt\u00f6isesti 1kk:n aikana).<\/p><p>\u00a0<\/p><h5>11. EV\u00c4STEET JA VIERAILUSTA SYNTYV\u00c4T LOKITIEDOT<\/h5><p>K\u00e4yt\u00e4mme verkkosivustolla ja mobiilisovelluksissa ev\u00e4steit\u00e4 (cookies). Ev\u00e4ste on pieni tekstitiedosto, jonka tietokone, puhelin tai tabletti tallentaa k\u00e4ytt\u00e4j\u00e4n laitteelle. K\u00e4ytt\u00e4m\u00e4mme j\u00e4rjestelm\u00e4t ker\u00e4\u00e4v\u00e4t vierailuista seuraavanlaisia lokitietoja: IP-osoite, selaintyyppi, vierailun ajankohta, k\u00e4ytt\u00f6j\u00e4rjestelm\u00e4, henkil\u00f6n k\u00e4ytt\u00e4m\u00e4 verkko-osoite, vieraillut sivut. K\u00e4vij\u00e4\u00e4 ei voida tunnistaa pelkkien ev\u00e4steiden avulla, eiv\u00e4tk\u00e4 n\u00e4m\u00e4 vahingoita k\u00e4ytt\u00e4j\u00e4n laitetta tai tiedostoja.<\/p><p>Uudelle k\u00e4ytt\u00e4j\u00e4lle n\u00e4ytet\u00e4\u00e4n ev\u00e4steviesti, jonka hyv\u00e4ksym\u00e4ll\u00e4 k\u00e4ytt\u00e4j\u00e4 hyv\u00e4ksyy ev\u00e4steet ja p\u00e4\u00e4see k\u00e4ytt\u00e4m\u00e4\u00e4n kaikkia verkkopalvelun osioita.<\/p><p>Halutessaan sivuston k\u00e4ytt\u00e4j\u00e4 voi ohjata selaimensa kielt\u00e4m\u00e4\u00e4n kaikki ev\u00e4steet tai ilmoittamaan, kun ev\u00e4ste l\u00e4hetet\u00e4\u00e4n. Jos k\u00e4ytt\u00e4j\u00e4 ei hyv\u00e4ksy ev\u00e4steit\u00e4, emme voi taata, ett\u00e4 sivuston koko sis\u00e4lt\u00f6 on saatavilla.<\/p><p>\u00a0<\/p><h5>12. SIVUSTON SUOJAUS<\/h5><p>K\u00e4yt\u00e4mme sivuillamme suojattua SSL-yhteytt\u00e4, joka ilmenee sivuston https-alkuisena url-osoitteena. N\u00e4in v\u00e4lt\u00e4mme suojaamattomat yhteydet ja varmistamme ettei vierailijoiden data joudu v\u00e4\u00e4riin k\u00e4siin.<\/p><p>\u00a0<\/p><h5>13. LIS\u00c4TIETOJA TIETOSUOJASELOSTEESTA<\/h5><p>T\u00e4t\u00e4 sivua p\u00e4ivitet\u00e4\u00e4n muutosten yhteydess\u00e4; viimeisen p\u00e4ivityksen ajankohta selvi\u00e4\u00e4 selosteen yl\u00e4osasta.<br \/>Lis\u00e4\u00e4 voimassa olevasta tietosuojalaista voi lukea <a href=\"https:\/\/tietosuoja.fi\/etusivu\">Tietosuojavaltuutetun sivuilta.<\/a><\/p><p>\u00a0<\/p><p>[\/et_pb_text][\/et_pb_column][\/et_pb_row][\/et_pb_section]<\/p>","_et_gb_content_width":"","inline_featured_image":false,"footnotes":""},"class_list":["post-7868","page","type-page","status-publish","hentry"],"acf":[],"_links":{"self":[{"href":"https:\/\/konsulttiverkko.fi\/en\/wp-json\/wp\/v2\/pages\/7868","targetHints":{"allow":["GET"]}}],"collection":[{"href":"https:\/\/konsulttiverkko.fi\/en\/wp-json\/wp\/v2\/pages"}],"about":[{"href":"https:\/\/konsulttiverkko.fi\/en\/wp-json\/wp\/v2\/types\/page"}],"author":[{"embeddable":true,"href":"https:\/\/konsulttiverkko.fi\/en\/wp-json\/wp\/v2\/users\/4"}],"replies":[{"embeddable":true,"href":"https:\/\/konsulttiverkko.fi\/en\/wp-json\/wp\/v2\/comments?post=7868"}],"version-history":[{"count":10,"href":"https:\/\/konsulttiverkko.fi\/en\/wp-json\/wp\/v2\/pages\/7868\/revisions"}],"predecessor-version":[{"id":8901,"href":"https:\/\/konsulttiverkko.fi\/en\/wp-json\/wp\/v2\/pages\/7868\/revisions\/8901"}],"wp:attachment":[{"href":"https:\/\/konsulttiverkko.fi\/en\/wp-json\/wp\/v2\/media?parent=7868"}],"curies":[{"name":"wp","href":"https:\/\/api.w.org\/{rel}","templated":true}]}}