{"id":7876,"date":"2025-10-21T14:11:09","date_gmt":"2025-10-21T11:11:09","guid":{"rendered":"https:\/\/konsulttiverkko.fi\/?page_id=7876"},"modified":"2026-02-25T11:25:00","modified_gmt":"2026-02-25T09:25:00","slug":"contact-form","status":"publish","type":"page","link":"https:\/\/konsulttiverkko.fi\/en\/contact-us\/contact-form\/","title":{"rendered":"Contact form"},"content":{"rendered":"<p>[et_pb_section fb_built=&#8221;1&#8243; module_id=&#8221;liity&#8221; module_class=&#8221;liity&#8221; _builder_version=&#8221;4.24.2&#8243; _module_preset=&#8221;default&#8221; background_image=&#8221;https:\/\/konsulttiverkko.fi\/wp-content\/uploads\/2024\/04\/iStock-1438474448.jpg&#8221; parallax=&#8221;on&#8221; global_colors_info=&#8221;{}&#8221;][et_pb_row module_id=&#8221;contactform-join&#8221; _builder_version=&#8221;4.16&#8243; _module_preset=&#8221;default&#8221; background_color=&#8221;rgba(0,0,0,0.6)&#8221; global_colors_info=&#8221;{}&#8221;][et_pb_column type=&#8221;4_4&#8243; _builder_version=&#8221;4.16&#8243; _module_preset=&#8221;default&#8221; global_colors_info=&#8221;{}&#8221;][et_pb_text admin_label=&#8221;Teksti&#8221; module_id=&#8221;contactform-join&#8221; _builder_version=&#8221;4.27.4&#8243; _module_preset=&#8221;default&#8221; background_color=&#8221;RGBA(0,0,0,0)&#8221; background_layout=&#8221;dark&#8221; hover_enabled=&#8221;0&#8243; global_colors_info=&#8221;{}&#8221; sticky_enabled=&#8221;0&#8243;]<\/p>\n<h2>Interested in our services?<\/h2>\n<p>Send us a message and we\u2019ll get in touch!<br \/>\n<div class=\"wpcf7 no-js\" id=\"wpcf7-f7950-o1\" lang=\"en-US\" dir=\"ltr\" data-wpcf7-id=\"7950\">\n<div class=\"screen-reader-response\"><p role=\"status\" aria-live=\"polite\" aria-atomic=\"true\"><\/p> <ul><\/ul><\/div>\n<form action=\"\/en\/wp-json\/wp\/v2\/pages\/7876#wpcf7-f7950-o1\" method=\"post\" class=\"wpcf7-form init\" aria-label=\"Contact form\" novalidate=\"novalidate\" data-status=\"init\">\n<fieldset class=\"hidden-fields-container\"><input type=\"hidden\" name=\"_wpcf7\" value=\"7950\" \/><input type=\"hidden\" name=\"_wpcf7_version\" value=\"6.1.5\" \/><input type=\"hidden\" name=\"_wpcf7_locale\" value=\"en_US\" \/><input type=\"hidden\" name=\"_wpcf7_unit_tag\" value=\"wpcf7-f7950-o1\" \/><input type=\"hidden\" name=\"_wpcf7_container_post\" value=\"0\" \/><input type=\"hidden\" name=\"_wpcf7_posted_data_hash\" value=\"\" \/><input type=\"hidden\" name=\"_wpcf7_recaptcha_response\" value=\"\" \/>\n<\/fieldset>\n<div class=\"form_aihe\">\n\t<p><span class=\"wpcf7-form-control-wrap\" data-name=\"radio-729\"><span class=\"wpcf7-form-control wpcf7-radio\"><span class=\"wpcf7-list-item first\"><label><input type=\"radio\" name=\"radio-729\" value=\"I\u2019m interested in your consulting services\" checked=\"checked\" \/><span class=\"wpcf7-list-item-label\">I\u2019m interested in your consulting services<\/span><\/label><\/span><span class=\"wpcf7-list-item\"><label><input type=\"radio\" name=\"radio-729\" value=\"I\u2019m interested in collaborating\" \/><span class=\"wpcf7-list-item-label\">I\u2019m interested in collaborating<\/span><\/label><\/span><span class=\"wpcf7-list-item last\"><label><input type=\"radio\" name=\"radio-729\" value=\"Other\" \/><span class=\"wpcf7-list-item-label\">Other<\/span><\/label><\/span><\/span><\/span>\n\t<\/p>\n<\/div>\n<p><label> <span class=\"wpcf7-form-control-wrap\" data-name=\"your-name\"><input size=\"40\" maxlength=\"400\" class=\"wpcf7-form-control wpcf7-text wpcf7-validates-as-required\" aria-required=\"true\" aria-invalid=\"false\" placeholder=\"Name*\" value=\"\" type=\"text\" name=\"your-name\" \/><\/span> <\/label>\n<\/p>\n<p><label> <span class=\"wpcf7-form-control-wrap\" data-name=\"your-email\"><input size=\"40\" maxlength=\"400\" class=\"wpcf7-form-control wpcf7-email wpcf7-validates-as-required wpcf7-text wpcf7-validates-as-email\" aria-required=\"true\" aria-invalid=\"false\" placeholder=\"Email*\" value=\"\" type=\"email\" name=\"your-email\" \/><\/span> <\/label>\n<\/p>\n<p><label> <span class=\"wpcf7-form-control-wrap\" data-name=\"tel-751\"><input size=\"40\" maxlength=\"400\" class=\"wpcf7-form-control wpcf7-tel wpcf7-text wpcf7-validates-as-tel\" aria-invalid=\"false\" placeholder=\"Phone number\" value=\"\" type=\"tel\" name=\"tel-751\" \/><\/span> <\/label>\n<\/p>\n<p><label> <span class=\"wpcf7-form-control-wrap\" data-name=\"your-subject\"><input size=\"40\" maxlength=\"400\" class=\"wpcf7-form-control wpcf7-text\" aria-invalid=\"false\" placeholder=\"Company\" value=\"\" type=\"text\" name=\"your-subject\" \/><\/span> <\/label>\n<\/p>\n<p><label><span class=\"wpcf7-form-control-wrap\" data-name=\"textarea-966\"><textarea cols=\"40\" rows=\"10\" maxlength=\"2000\" class=\"wpcf7-form-control wpcf7-textarea\" aria-invalid=\"false\" placeholder=\"Your message to Konsulttiverkko regarding your contact request.\" name=\"textarea-966\"><\/textarea><\/span><\/label>\n<\/p>\n<p>Konsulttiverkko Oy is committed to protecting your privacy.<br \/>\nWe use personal data to ensure and target the quality of our service.\n<\/p>\n<p><span class=\"wpcf7-form-control-wrap\" data-name=\"acceptance-452\"><span class=\"wpcf7-form-control wpcf7-acceptance\"><span class=\"wpcf7-list-item\"><label><input type=\"checkbox\" name=\"acceptance-452\" value=\"1\" aria-invalid=\"false\" \/><span class=\"wpcf7-list-item-label\">Konsulttiverkko may send me information about current news and services that might interest me.<\/span><\/label><\/span><\/span><\/span>\n<\/p>\n<p>By submitting the form, I give my consent to Konsulttiverkko to store my information and contact me regarding my request.\n<\/p>\n<p><input class=\"wpcf7-form-control wpcf7-submit has-spinner button\" type=\"submit\" value=\"Send\" \/>\n<\/p>\n<p>* required field\n<\/p><div class=\"wpcf7-response-output\" aria-hidden=\"true\"><\/div>\n<\/form>\n<\/div>\n<\/p>\n<p>[\/et_pb_text][\/et_pb_column][\/et_pb_row][\/et_pb_section]<\/p>\n","protected":false},"excerpt":{"rendered":"<p>Interested in our services? Send us a message and we\u2019ll get in touch!\n<div class=\"wpcf7 no-js\" id=\"wpcf7-f7950-o2\" lang=\"en-US\" dir=\"ltr\" data-wpcf7-id=\"7950\">\n<div class=\"screen-reader-response\"><p role=\"status\" aria-live=\"polite\" aria-atomic=\"true\"><\/p> <ul><\/ul><\/div>\n<form action=\"\/en\/wp-json\/wp\/v2\/pages\/7876#wpcf7-f7950-o2\" method=\"post\" class=\"wpcf7-form init\" aria-label=\"Contact form\" novalidate=\"novalidate\" data-status=\"init\">\n<fieldset class=\"hidden-fields-container\"><input type=\"hidden\" name=\"_wpcf7\" value=\"7950\" \/><input type=\"hidden\" name=\"_wpcf7_version\" value=\"6.1.5\" \/><input type=\"hidden\" name=\"_wpcf7_locale\" value=\"en_US\" \/><input type=\"hidden\" name=\"_wpcf7_unit_tag\" value=\"wpcf7-f7950-o2\" \/><input type=\"hidden\" name=\"_wpcf7_container_post\" value=\"0\" \/><input type=\"hidden\" name=\"_wpcf7_posted_data_hash\" value=\"\" \/><input type=\"hidden\" name=\"_wpcf7_recaptcha_response\" value=\"\" \/>\n<\/fieldset>\n<div class=\"form_aihe\">\n\t<p><span class=\"wpcf7-form-control-wrap\" data-name=\"radio-729\"><span class=\"wpcf7-form-control wpcf7-radio\"><span class=\"wpcf7-list-item first\"><label><input type=\"radio\" name=\"radio-729\" value=\"I\u2019m interested in your consulting services\" checked=\"checked\" \/><span class=\"wpcf7-list-item-label\">I\u2019m interested in your consulting services<\/span><\/label><\/span><span class=\"wpcf7-list-item\"><label><input type=\"radio\" name=\"radio-729\" value=\"I\u2019m interested in collaborating\" \/><span class=\"wpcf7-list-item-label\">I\u2019m interested in collaborating<\/span><\/label><\/span><span class=\"wpcf7-list-item last\"><label><input type=\"radio\" name=\"radio-729\" value=\"Other\" \/><span class=\"wpcf7-list-item-label\">Other<\/span><\/label><\/span><\/span><\/span>\n\t<\/p>\n<\/div>\n<p><label> <span class=\"wpcf7-form-control-wrap\" data-name=\"your-name\"><input size=\"40\" maxlength=\"400\" class=\"wpcf7-form-control wpcf7-text wpcf7-validates-as-required\" aria-required=\"true\" aria-invalid=\"false\" placeholder=\"Name*\" value=\"\" type=\"text\" name=\"your-name\" \/><\/span> <\/label>\n<\/p>\n<p><label> <span class=\"wpcf7-form-control-wrap\" data-name=\"your-email\"><input size=\"40\" maxlength=\"400\" class=\"wpcf7-form-control wpcf7-email wpcf7-validates-as-required wpcf7-text wpcf7-validates-as-email\" aria-required=\"true\" aria-invalid=\"false\" placeholder=\"Email*\" value=\"\" type=\"email\" name=\"your-email\" \/><\/span> <\/label>\n<\/p>\n<p><label> <span class=\"wpcf7-form-control-wrap\" data-name=\"tel-751\"><input size=\"40\" maxlength=\"400\" class=\"wpcf7-form-control wpcf7-tel wpcf7-text wpcf7-validates-as-tel\" aria-invalid=\"false\" placeholder=\"Phone number\" value=\"\" type=\"tel\" name=\"tel-751\" \/><\/span> <\/label>\n<\/p>\n<p><label> <span class=\"wpcf7-form-control-wrap\" data-name=\"your-subject\"><input size=\"40\" maxlength=\"400\" class=\"wpcf7-form-control wpcf7-text\" aria-invalid=\"false\" placeholder=\"Company\" value=\"\" type=\"text\" name=\"your-subject\" \/><\/span> <\/label>\n<\/p>\n<p><label><span class=\"wpcf7-form-control-wrap\" data-name=\"textarea-966\"><textarea cols=\"40\" rows=\"10\" maxlength=\"2000\" class=\"wpcf7-form-control wpcf7-textarea\" aria-invalid=\"false\" placeholder=\"Your message to Konsulttiverkko regarding your contact request.\" name=\"textarea-966\"><\/textarea><\/span><\/label>\n<\/p>\n<p>Konsulttiverkko Oy is committed to protecting your privacy.<br \/>\nWe use personal data to ensure and target the quality of our service.\n<\/p>\n<p><span class=\"wpcf7-form-control-wrap\" data-name=\"acceptance-452\"><span class=\"wpcf7-form-control wpcf7-acceptance\"><span class=\"wpcf7-list-item\"><label><input type=\"checkbox\" name=\"acceptance-452\" value=\"1\" aria-invalid=\"false\" \/><span class=\"wpcf7-list-item-label\">Konsulttiverkko may send me information about current news and services that might interest me.<\/span><\/label><\/span><\/span><\/span>\n<\/p>\n<p>By submitting the form, I give my consent to Konsulttiverkko to store my information and contact me regarding my request.\n<\/p>\n<p><input class=\"wpcf7-form-control wpcf7-submit has-spinner button\" type=\"submit\" value=\"Send\" \/>\n<\/p>\n<p>* required field\n<\/p><div class=\"wpcf7-response-output\" aria-hidden=\"true\"><\/div>\n<\/form>\n<\/div>\n<\/p>\n","protected":false},"author":4,"featured_media":0,"parent":5166,"menu_order":0,"comment_status":"closed","ping_status":"closed","template":"","meta":{"_acf_changed":false,"_et_pb_use_builder":"on","_et_pb_old_content":"<p>[et_pb_section fb_built=\"1\" module_id=\"liity\" module_class=\"liity\" _builder_version=\"4.24.2\" _module_preset=\"default\" background_image=\"https:\/\/konsulttiverkko.fi\/wp-content\/uploads\/2024\/04\/iStock-1438474448.jpg\" parallax=\"on\" hover_enabled=\"0\" global_colors_info=\"{}\" title_text=\"Beautiful shot of a forest with tall trees and bright sun rays shining in the background\" sticky_enabled=\"0\"][et_pb_row module_id=\"contactform-join\" _builder_version=\"4.16\" _module_preset=\"default\" background_color=\"rgba(0,0,0,0.6)\" global_colors_info=\"{}\"][et_pb_column type=\"4_4\" _builder_version=\"4.16\" _module_preset=\"default\" global_colors_info=\"{}\"][et_pb_text admin_label=\"Teksti\" module_id=\"contactform-join\" _builder_version=\"4.24.2\" _module_preset=\"default\" background_color=\"RGBA(0,0,0,0)\" background_layout=\"dark\" global_colors_info=\"{}\"]<\/p><h2>Kiinnostuitko toiminnastamme?<\/h2><p>L\u00e4het\u00e4 meille viesti niin olemme yhteydess\u00e4!<\/p><p>[contact-form-7 id=\"c1c1efd\" title=\"Yhteydenottopyynt\u00f6\"]<\/p><p>[\/et_pb_text][\/et_pb_column][\/et_pb_row][\/et_pb_section]<\/p>","_et_gb_content_width":"","inline_featured_image":false,"footnotes":""},"class_list":["post-7876","page","type-page","status-publish","hentry"],"acf":[],"_links":{"self":[{"href":"https:\/\/konsulttiverkko.fi\/en\/wp-json\/wp\/v2\/pages\/7876","targetHints":{"allow":["GET"]}}],"collection":[{"href":"https:\/\/konsulttiverkko.fi\/en\/wp-json\/wp\/v2\/pages"}],"about":[{"href":"https:\/\/konsulttiverkko.fi\/en\/wp-json\/wp\/v2\/types\/page"}],"author":[{"embeddable":true,"href":"https:\/\/konsulttiverkko.fi\/en\/wp-json\/wp\/v2\/users\/4"}],"replies":[{"embeddable":true,"href":"https:\/\/konsulttiverkko.fi\/en\/wp-json\/wp\/v2\/comments?post=7876"}],"version-history":[{"count":14,"href":"https:\/\/konsulttiverkko.fi\/en\/wp-json\/wp\/v2\/pages\/7876\/revisions"}],"predecessor-version":[{"id":8903,"href":"https:\/\/konsulttiverkko.fi\/en\/wp-json\/wp\/v2\/pages\/7876\/revisions\/8903"}],"up":[{"embeddable":true,"href":"https:\/\/konsulttiverkko.fi\/en\/wp-json\/wp\/v2\/pages\/5166"}],"wp:attachment":[{"href":"https:\/\/konsulttiverkko.fi\/en\/wp-json\/wp\/v2\/media?parent=7876"}],"curies":[{"name":"wp","href":"https:\/\/api.w.org\/{rel}","templated":true}]}}